{"id":4256,"date":"2019-06-18T12:36:08","date_gmt":"2019-06-18T10:36:08","guid":{"rendered":"https:\/\/www.doctorbarret.com\/?page_id=4256"},"modified":"2026-01-08T09:09:14","modified_gmt":"2026-01-08T09:09:14","slug":"inicio","status":"publish","type":"page","link":"http:\/\/www.doctorbarret.com\/ca\/","title":{"rendered":"Inici"},"content":{"rendered":"<div class=\"wpb-content-wrapper\">[vc_row][vc_column][mk_revslider id=&#8221;inicio&#8221;][\/vc_column][\/vc_row][vc_row fullwidth=&#8221;true&#8221; fullwidth_content=&#8221;false&#8221; equal_columns=&#8221;true&#8221; css=&#8221;.vc_custom_1497287158289{margin-bottom: 0px !important;border-bottom-width: 0px !important;padding-bottom: 0px !important;background-color: #ededed !important;}&#8221;][vc_column width=&#8221;1\/2&#8243; css=&#8221;.vc_custom_1497287087640{margin-bottom: 0px !important;border-bottom-width: 0px !important;padding-bottom: 0px !important;}&#8221;][vc_empty_space height=&#8221;30px&#8221;][vc_column_text disable_pattern=&#8221;false&#8221;]\n<h1 style=\"text-align: center;\">Dr. Joan-Pere Barret<\/h1>\n[\/vc_column_text][vc_separator color=&#8221;custom&#8221; border_width=&#8221;2&#8243; el_width=&#8221;50&#8243; accent_color=&#8221;#001698&#8243;][vc_column_text disable_pattern=&#8221;false&#8221; css=&#8221;.vc_custom_1560854633716{margin-bottom: 0px !important;}&#8221;]El <strong>Dr. Joan-Pere Barret<\/strong> \u00e9s especialista en <strong>Cirurgia Pl\u00e0stica, Est\u00e8tica i Reparadora.<\/strong><\/p>\n<p>Despr\u00e9s d&#8217;acabar la seva formaci\u00f3 com a especialista a Barcelona, \u200b\u200bla seva inquietud i inter\u00e8s per la medicina, el va portar a treballar a diversos pa\u00efsos. Va viure a Estats Units, Pa\u00efsos Baixos i Regne Unit, on va exercir la seva professi\u00f3 i on va poder con\u00e8ixer diferents formes d&#8217;organitzaci\u00f3 hospital\u00e0ria, aplicar noves t\u00e8cniques innovadores com la microcirurgia i dirigir els seus propis projectes de recerca.<\/p>\n<p>El 2005, despr\u00e9s de 8 anys a l&#8217;estranger, va decidir tornar a Barcelona i aplicar tots els coneixements i experi\u00e8ncia adquirits. Va ser nomenat <strong>Cap de Servei de Cirurgia Pl\u00e0stica i Cremats<\/strong> a l&#8217;Hospital Vall d&#8217;Hebron, el mateix hospital on havia comen\u00e7at la seva carrera.<\/p>\n<p>La seva inquietud per millorar la qualitat de vida dels seus pacients, el porta a dirigir projectes de recerca europeus i internacionals. Amant de la divulgaci\u00f3 cient\u00edfica, ha organitzat cursos i congressos i ha impartit confer\u00e8ncies per tot el m\u00f3n. \u00c9s autor de diversos llibres i publicacions cient\u00edfiques.<\/p>\n<p><strong>La seva cirurgia \u00e9s innovadora<\/strong>, emprant les \u00faltimes t\u00e8cniques endosc\u00f2piques i la c<strong>irurgia regenerativa amb c\u00e8l\u00b7lules mare.<\/strong><\/p>\n<p>La recerca del benestar dels seus pacients i de la innovaci\u00f3, el va portar l&#8217;any 2010 a realitzar el <strong>primer trasplantament total de cara del m\u00f3n.<\/strong>[\/vc_column_text][\/vc_column][vc_column width=&#8221;1\/2&#8243; css=&#8221;.vc_custom_1497287079455{margin-bottom: 0px !important;border-bottom-width: 0px !important;padding-bottom: 0px !important;}&#8221;][vc_single_image image=&#8221;162&#8243; img_size=&#8221;full&#8221; alignment=&#8221;center&#8221; css=&#8221;.vc_custom_1497287207425{margin-bottom: 0px !important;border-bottom-width: 0px !important;padding-bottom: 0px !important;}&#8221;][vc_btn title=&#8221;Con\u00e8ixer al Dr. Joan-Pere Barret&#8221; style=&#8221;outline&#8221; shape=&#8221;square&#8221; color=&#8221;black&#8221; align=&#8221;center&#8221; css=&#8221;.vc_custom_1635879100791{padding-top: 50px !important;}&#8221; el_class=&#8221;btnnegroreverse&#8221; link=&#8221;url:http%3A%2F%2Fwww.doctorbarret.com%2Fca%2Fdr-barret%2F|||&#8221;][\/vc_column][\/vc_row][vc_row fullwidth=&#8221;true&#8221; fullwidth_content=&#8221;false&#8221; css=&#8221;.vc_custom_1497345770963{padding-top: 75px !important;padding-bottom: 75px !important;}&#8221;][vc_column][vc_column_text disable_pattern=&#8221;false&#8221; el_class=&#8221;home-cita&#8221; css=&#8221;.vc_custom_1560854839004{margin-bottom: 0px !important;}&#8221;]\n<h2 style=\"text-align: center;\"><\/h2>\n<h2 style=\"text-align: center;\">&#8220;L&#8217;esfor\u00e7, la perseveran\u00e7a i el creure en un mateix fan que all\u00f2 que sembla impossible, pugui arribar a succeir&#8221;<\/h2>\n[\/vc_column_text][\/vc_column][\/vc_row][vc_row fullwidth=&#8221;true&#8221; equal_columns=&#8221;true&#8221; attached=&#8221;true&#8221; full_width=&#8221;stretch_row_content&#8221; equal_height=&#8221;yes&#8221; content_placement=&#8221;middle&#8221; css=&#8221;.vc_custom_1635880858891{background-color: #ebebeb !important;}&#8221; el_class=&#8221;home_row1&#8243;][vc_column width=&#8221;1\/2&#8243; css=&#8221;.vc_custom_1497281584318{margin: 0px !important;border-width: 0px !important;padding: 0px !important;}&#8221;][vc_empty_space height=&#8221;100px&#8221; el_class=&#8221;homespace&#8221;][vc_column_text disable_pattern=&#8221;false&#8221; el_class=&#8221;dr-color3 home-titlifting&#8221; css=&#8221;.vc_custom_1756116839425{margin-bottom: 0px !important;}&#8221;]\n<h2 style=\"text-align: center;\"><a href=\"https:\/\/www.doctorbarret.com\/ca\/cirurgia-facial\/lifting-total\/\">Lifting<br \/>\nfacial<\/a><\/h2>\n[\/vc_column_text][\/vc_column][vc_column width=&#8221;1\/2&#8243; css=&#8221;.vc_custom_1756117200505{margin-top: 0px !important;margin-right: 0px !important;margin-bottom: 0px !important;margin-left: 0px !important;border-top-width: 0px !important;border-right-width: 0px !important;border-bottom-width: 0px !important;border-left-width: 0px !important;padding-top: 0px !important;padding-right: 0px !important;padding-bottom: 0px !important;padding-left: 0px !important;background-image: url(http:\/\/www.doctorbarret.com\/wp-content\/uploads\/lifting-home.jpg?id=12205) !important;background-position: center !important;background-repeat: no-repeat !important;background-size: cover !important;}&#8221;][vc_empty_space height=&#8221;450px&#8221;][\/vc_column][\/vc_row][vc_row fullwidth=&#8221;true&#8221; equal_columns=&#8221;true&#8221; attached=&#8221;true&#8221; el_class=&#8221;home_row2&#8243;][vc_column width=&#8221;1\/2&#8243; css=&#8221;.vc_custom_1505819508683{background-image: url(http:\/\/www.doctorbarret.com\/wp-content\/uploads\/2017\/02\/abdominoplastia-home.jpg?id=1044) !important;background-position: center !important;background-repeat: no-repeat !important;background-size: cover !important;}&#8221;][vc_empty_space height=&#8221;450px&#8221;][\/vc_column][vc_column width=&#8221;1\/2&#8243;][vc_empty_space height=&#8221;160px&#8221; el_class=&#8221;homespace2&#8243;][vc_column_text disable_pattern=&#8221;false&#8221; el_class=&#8221;dr-color2 home-titrino&#8221; css=&#8221;.vc_custom_1562836535407{margin-bottom: 0px !important;}&#8221;]\n<h2 style=\"text-align: center;\"><a href=\"https:\/\/www.doctorbarret.com\/ca\/cirurgia-corporal\/abdominoplastia\/\">Abdominoplastia<\/a><\/h2>\n[\/vc_column_text][\/vc_column][\/vc_row][vc_row fullwidth=&#8221;true&#8221; equal_columns=&#8221;true&#8221; attached=&#8221;true&#8221; css=&#8221;.vc_custom_1635880875840{background-color: #ebebeb !important;}&#8221; el_class=&#8221;home_row3&#8243;][vc_column width=&#8221;1\/2&#8243;][vc_empty_space height=&#8221;115px&#8221; el_class=&#8221;homespace3&#8243;][vc_column_text disable_pattern=&#8221;false&#8221; el_class=&#8221;dr-color4 home-titpara&#8221; css=&#8221;.vc_custom_1562836559047{margin-bottom: 0px !important;}&#8221;]\n<h2 style=\"text-align: center;\"><a href=\"https:\/\/www.doctorbarret.com\/ca\/cirurgia-reparadora\/paralisi-facial\/\">Par\u00e0lisis<br \/>\nfacial<\/a><\/h2>\n[\/vc_column_text][\/vc_column][vc_column width=&#8221;1\/2&#8243; css=&#8221;.vc_custom_1506724488565{background-image: url(http:\/\/www.doctorbarret.com\/wp-content\/uploads\/2017\/02\/paralisis-facial-home.jpg?id=1329) !important;background-position: center !important;background-repeat: no-repeat !important;background-size: cover !important;}&#8221;][vc_empty_space height=&#8221;450px&#8221;][\/vc_column][\/vc_row][vc_row fullwidth=&#8221;true&#8221; fullwidth_content=&#8221;false&#8221; css=&#8221;.vc_custom_1635881074184{border-top-width: 0px !important;padding-top: 125px !important;padding-bottom: 125px !important;border-top-color: #333333 !important;border-top-style: solid !important;}&#8221; el_class=&#8221;row_testimonios&#8221;][vc_column][vc_column_text disable_pattern=&#8221;false&#8221; el_class=&#8221;home-titsection&#8221; css=&#8221;.vc_custom_1560855038502{margin-bottom: 0px !important;}&#8221;]\n<h2 style=\"text-align: center;\">ELS NOSTRES PACIENTS<\/h2>\n[\/vc_column_text][vc_separator color=&#8221;custom&#8221; el_width=&#8221;20&#8243; accent_color=&#8221;#009446&#8243;][mk_testimonials count=&#8221;20&#8243;][\/vc_column][\/vc_row][vc_row fullwidth=&#8221;true&#8221; css=&#8221;.vc_custom_1635881066869{border-top-width: 1px !important;padding-top: 70px !important;padding-bottom: 20px !important;border-top-color: #333333 !important;border-top-style: solid !important;}&#8221; el_class=&#8221;row_logos&#8221;][vc_column width=&#8221;1\/6&#8243; css=&#8221;.vc_custom_1525881274631{margin-right: 60px !important;margin-left: 10px !important;}&#8221;][\/vc_column][vc_column width=&#8221;1\/6&#8243;][vc_single_image image=&#8221;635&#8243; img_size=&#8221;full&#8221;][\/vc_column][vc_column width=&#8221;1\/6&#8243; css=&#8221;.vc_custom_1525881303806{margin-right: 0px !important;margin-left: 60px !important;}&#8221;][vc_single_image image=&#8221;1080&#8243; img_size=&#8221;full&#8221;][\/vc_column][vc_column width=&#8221;1\/6&#8243; css=&#8221;.vc_custom_1525881349994{margin-right: 60px !important;margin-left: 0px !important;}&#8221;][vc_single_image image=&#8221;641&#8243; img_size=&#8221;full&#8221;][\/vc_column][vc_column width=&#8221;1\/6&#8243; css=&#8221;.vc_custom_1525881230113{margin-right: 0px !important;}&#8221;][vc_single_image image=&#8221;644&#8243; img_size=&#8221;full&#8221;][\/vc_column][vc_column width=&#8221;1\/6&#8243;][\/vc_column][\/vc_row]\n<\/div>","protected":false},"excerpt":{"rendered":"<p>[vc_row][vc_column][mk_revslider id=&#8221;inicio&#8221;][\/vc_column][\/vc_row][vc_row fullwidth=&#8221;true&#8221; fullwidth_content=&#8221;false&#8221; equal_columns=&#8221;true&#8221; css=&#8221;.vc_custom_1497287158289{margin-bottom: 0px !important;border-bottom-width: 0px !important;padding-bottom: 0px !important;background-color: #ededed !important;}&#8221;][vc_column width=&#8221;1\/2&#8243; css=&#8221;.vc_custom_1497287087640{margin-bottom: 0px !important;border-bottom-width: 0px !important;padding-bottom: 0px !important;}&#8221;][vc_empty_space height=&#8221;30px&#8221;][vc_column_text disable_pattern=&#8221;false&#8221;] Dr. Joan-Pere Barret [\/vc_column_text][vc_separator color=&#8221;custom&#8221; border_width=&#8221;2&#8243; el_width=&#8221;50&#8243; accent_color=&#8221;#001698&#8243;][vc_column_text disable_pattern=&#8221;false&#8221; css=&#8221;.vc_custom_1560854633716{margin-bottom: 0px !important;}&#8221;]El Dr. Joan-Pere Barret \u00e9s especialista en Cirurgia Pl\u00e0stica, Est\u00e8tica i Reparadora. Despr\u00e9s d&#8217;acabar la seva formaci\u00f3 com a especialista [&hellip;]<\/p>\n","protected":false},"author":1,"featured_media":0,"parent":0,"menu_order":1,"comment_status":"closed","ping_status":"closed","template":"","meta":{"_joinchat":[],"footnotes":""},"class_list":["post-4256","page","type-page","status-publish","hentry"],"yoast_head":"<!-- This site is optimized with the Yoast SEO plugin v27.3 - https:\/\/yoast.com\/product\/yoast-seo-wordpress\/ -->\n<title>Doctor Joan Pere Barret | Cirurgia Pl\u00e0stica, Est\u00e8tica i Reparadora<\/title>\n<meta name=\"description\" content=\"El Dr.Joan Pere Barret \u00e9s un cirurgi\u00e0 especialista en cirurgia pl\u00e0stica, est\u00e8tica i reparadora reconegut per la seva innovaci\u00f3, per\u00f2 tamb\u00e9 per la seva humanitat.\" \/>\n<meta name=\"robots\" content=\"index, follow, max-snippet:-1, max-image-preview:large, max-video-preview:-1\" \/>\n<link rel=\"canonical\" href=\"http:\/\/www.doctorbarret.com\/ca\/\" \/>\n<meta property=\"og:locale\" content=\"ca_ES\" \/>\n<meta property=\"og:type\" content=\"article\" \/>\n<meta property=\"og:title\" content=\"Doctor Joan Pere Barret | Cirurgia Pl\u00e0stica, Est\u00e8tica i Reparadora\" \/>\n<meta property=\"og:description\" content=\"El Dr.Joan Pere Barret \u00e9s un cirurgi\u00e0 especialista en cirurgia pl\u00e0stica, est\u00e8tica i reparadora reconegut per la seva innovaci\u00f3, per\u00f2 tamb\u00e9 per la seva humanitat.\" \/>\n<meta property=\"og:url\" content=\"http:\/\/www.doctorbarret.com\/ca\/\" \/>\n<meta property=\"og:site_name\" content=\"WordPress\" \/>\n<meta property=\"article:modified_time\" content=\"2026-01-08T09:09:14+00:00\" \/>\n<meta name=\"twitter:card\" content=\"summary_large_image\" \/>\n<meta name=\"twitter:label1\" content=\"Est. reading time\" \/>\n\t<meta name=\"twitter:data1\" content=\"3 minutes\" \/>\n<script type=\"application\/ld+json\" class=\"yoast-schema-graph\">{\"@context\":\"https:\\\/\\\/schema.org\",\"@graph\":[{\"@type\":\"WebPage\",\"@id\":\"http:\\\/\\\/www.doctorbarret.com\\\/ca\\\/\",\"url\":\"http:\\\/\\\/www.doctorbarret.com\\\/ca\\\/\",\"name\":\"Doctor Joan Pere Barret | Cirurgia Pl\u00e0stica, Est\u00e8tica i Reparadora\",\"isPartOf\":{\"@id\":\"https:\\\/\\\/www.doctorbarret.com\\\/ca\\\/#website\"},\"datePublished\":\"2019-06-18T10:36:08+00:00\",\"dateModified\":\"2026-01-08T09:09:14+00:00\",\"description\":\"El Dr.Joan Pere Barret \u00e9s un cirurgi\u00e0 especialista en cirurgia pl\u00e0stica, est\u00e8tica i reparadora reconegut per la seva innovaci\u00f3, per\u00f2 tamb\u00e9 per la seva humanitat.\",\"breadcrumb\":{\"@id\":\"http:\\\/\\\/www.doctorbarret.com\\\/ca\\\/#breadcrumb\"},\"inLanguage\":\"ca-ES\",\"potentialAction\":[{\"@type\":\"ReadAction\",\"target\":[\"http:\\\/\\\/www.doctorbarret.com\\\/ca\\\/\"]}]},{\"@type\":\"BreadcrumbList\",\"@id\":\"http:\\\/\\\/www.doctorbarret.com\\\/ca\\\/#breadcrumb\",\"itemListElement\":[{\"@type\":\"ListItem\",\"position\":1,\"name\":\"Home\",\"item\":\"http:\\\/\\\/www.doctorbarret.com\\\/ca\\\/\"},{\"@type\":\"ListItem\",\"position\":2,\"name\":\"Inici\"}]},{\"@type\":\"WebSite\",\"@id\":\"https:\\\/\\\/www.doctorbarret.com\\\/ca\\\/#website\",\"url\":\"https:\\\/\\\/www.doctorbarret.com\\\/ca\\\/\",\"name\":\"WordPress\",\"description\":\"Just another WordPress site\",\"publisher\":{\"@id\":\"https:\\\/\\\/www.doctorbarret.com\\\/ca\\\/#organization\"},\"potentialAction\":[{\"@type\":\"SearchAction\",\"target\":{\"@type\":\"EntryPoint\",\"urlTemplate\":\"https:\\\/\\\/www.doctorbarret.com\\\/ca\\\/?s={search_term_string}\"},\"query-input\":{\"@type\":\"PropertyValueSpecification\",\"valueRequired\":true,\"valueName\":\"search_term_string\"}}],\"inLanguage\":\"ca-ES\"},{\"@type\":\"Organization\",\"@id\":\"https:\\\/\\\/www.doctorbarret.com\\\/ca\\\/#organization\",\"name\":\"Dr.Joan-Pere Barret\",\"url\":\"https:\\\/\\\/www.doctorbarret.com\\\/ca\\\/\",\"logo\":{\"@type\":\"ImageObject\",\"inLanguage\":\"ca-ES\",\"@id\":\"https:\\\/\\\/www.doctorbarret.com\\\/ca\\\/#\\\/schema\\\/logo\\\/image\\\/\",\"url\":\"https:\\\/\\\/www.doctorbarret.com\\\/wp-content\\\/uploads\\\/2017\\\/04\\\/Logo-Doctor-Barret-web-completo-castellano_AAFF.png\",\"contentUrl\":\"https:\\\/\\\/www.doctorbarret.com\\\/wp-content\\\/uploads\\\/2017\\\/04\\\/Logo-Doctor-Barret-web-completo-castellano_AAFF.png\",\"width\":2480,\"height\":3508,\"caption\":\"Dr.Joan-Pere Barret\"},\"image\":{\"@id\":\"https:\\\/\\\/www.doctorbarret.com\\\/ca\\\/#\\\/schema\\\/logo\\\/image\\\/\"}}]}<\/script>\n<!-- \/ Yoast SEO plugin. -->","yoast_head_json":{"title":"Doctor Joan Pere Barret | Cirurgia Pl\u00e0stica, Est\u00e8tica i Reparadora","description":"El Dr.Joan Pere Barret \u00e9s un cirurgi\u00e0 especialista en cirurgia pl\u00e0stica, est\u00e8tica i reparadora reconegut per la seva innovaci\u00f3, per\u00f2 tamb\u00e9 per la seva humanitat.","robots":{"index":"index","follow":"follow","max-snippet":"max-snippet:-1","max-image-preview":"max-image-preview:large","max-video-preview":"max-video-preview:-1"},"canonical":"http:\/\/www.doctorbarret.com\/ca\/","og_locale":"ca_ES","og_type":"article","og_title":"Doctor Joan Pere Barret | Cirurgia Pl\u00e0stica, Est\u00e8tica i Reparadora","og_description":"El Dr.Joan Pere Barret \u00e9s un cirurgi\u00e0 especialista en cirurgia pl\u00e0stica, est\u00e8tica i reparadora reconegut per la seva innovaci\u00f3, per\u00f2 tamb\u00e9 per la seva humanitat.","og_url":"http:\/\/www.doctorbarret.com\/ca\/","og_site_name":"WordPress","article_modified_time":"2026-01-08T09:09:14+00:00","twitter_card":"summary_large_image","twitter_misc":{"Est. reading time":"3 minutes"},"schema":{"@context":"https:\/\/schema.org","@graph":[{"@type":"WebPage","@id":"http:\/\/www.doctorbarret.com\/ca\/","url":"http:\/\/www.doctorbarret.com\/ca\/","name":"Doctor Joan Pere Barret | Cirurgia Pl\u00e0stica, Est\u00e8tica i Reparadora","isPartOf":{"@id":"https:\/\/www.doctorbarret.com\/ca\/#website"},"datePublished":"2019-06-18T10:36:08+00:00","dateModified":"2026-01-08T09:09:14+00:00","description":"El Dr.Joan Pere Barret \u00e9s un cirurgi\u00e0 especialista en cirurgia pl\u00e0stica, est\u00e8tica i reparadora reconegut per la seva innovaci\u00f3, per\u00f2 tamb\u00e9 per la seva humanitat.","breadcrumb":{"@id":"http:\/\/www.doctorbarret.com\/ca\/#breadcrumb"},"inLanguage":"ca-ES","potentialAction":[{"@type":"ReadAction","target":["http:\/\/www.doctorbarret.com\/ca\/"]}]},{"@type":"BreadcrumbList","@id":"http:\/\/www.doctorbarret.com\/ca\/#breadcrumb","itemListElement":[{"@type":"ListItem","position":1,"name":"Home","item":"http:\/\/www.doctorbarret.com\/ca\/"},{"@type":"ListItem","position":2,"name":"Inici"}]},{"@type":"WebSite","@id":"https:\/\/www.doctorbarret.com\/ca\/#website","url":"https:\/\/www.doctorbarret.com\/ca\/","name":"WordPress","description":"Just another WordPress site","publisher":{"@id":"https:\/\/www.doctorbarret.com\/ca\/#organization"},"potentialAction":[{"@type":"SearchAction","target":{"@type":"EntryPoint","urlTemplate":"https:\/\/www.doctorbarret.com\/ca\/?s={search_term_string}"},"query-input":{"@type":"PropertyValueSpecification","valueRequired":true,"valueName":"search_term_string"}}],"inLanguage":"ca-ES"},{"@type":"Organization","@id":"https:\/\/www.doctorbarret.com\/ca\/#organization","name":"Dr.Joan-Pere Barret","url":"https:\/\/www.doctorbarret.com\/ca\/","logo":{"@type":"ImageObject","inLanguage":"ca-ES","@id":"https:\/\/www.doctorbarret.com\/ca\/#\/schema\/logo\/image\/","url":"https:\/\/www.doctorbarret.com\/wp-content\/uploads\/2017\/04\/Logo-Doctor-Barret-web-completo-castellano_AAFF.png","contentUrl":"https:\/\/www.doctorbarret.com\/wp-content\/uploads\/2017\/04\/Logo-Doctor-Barret-web-completo-castellano_AAFF.png","width":2480,"height":3508,"caption":"Dr.Joan-Pere Barret"},"image":{"@id":"https:\/\/www.doctorbarret.com\/ca\/#\/schema\/logo\/image\/"}}]}},"_links":{"self":[{"href":"http:\/\/www.doctorbarret.com\/ca\/wp-json\/wp\/v2\/pages\/4256","targetHints":{"allow":["GET"]}}],"collection":[{"href":"http:\/\/www.doctorbarret.com\/ca\/wp-json\/wp\/v2\/pages"}],"about":[{"href":"http:\/\/www.doctorbarret.com\/ca\/wp-json\/wp\/v2\/types\/page"}],"author":[{"embeddable":true,"href":"http:\/\/www.doctorbarret.com\/ca\/wp-json\/wp\/v2\/users\/1"}],"replies":[{"embeddable":true,"href":"http:\/\/www.doctorbarret.com\/ca\/wp-json\/wp\/v2\/comments?post=4256"}],"version-history":[{"count":6,"href":"http:\/\/www.doctorbarret.com\/ca\/wp-json\/wp\/v2\/pages\/4256\/revisions"}],"predecessor-version":[{"id":12318,"href":"http:\/\/www.doctorbarret.com\/ca\/wp-json\/wp\/v2\/pages\/4256\/revisions\/12318"}],"wp:attachment":[{"href":"http:\/\/www.doctorbarret.com\/ca\/wp-json\/wp\/v2\/media?parent=4256"}],"curies":[{"name":"wp","href":"https:\/\/api.w.org\/{rel}","templated":true}]}}