{"id":4618,"date":"2019-07-11T10:41:44","date_gmt":"2019-07-11T08:41:44","guid":{"rendered":"https:\/\/www.doctorbarret.com\/?page_id=4618"},"modified":"2022-11-09T11:18:58","modified_gmt":"2022-11-09T09:18:58","slug":"investigacio","status":"publish","type":"page","link":"http:\/\/www.doctorbarret.com\/ca\/dr-barret\/investigacio\/","title":{"rendered":"Investigaci\u00f3"},"content":{"rendered":"<div class=\"wpb-content-wrapper\">[vc_row][vc_column][mk_revslider id=&#8221;doctor-barret&#8221;][\/vc_column][\/vc_row][vc_row css=&#8221;.vc_custom_1504191590968{padding-top: 50px !important;}&#8221; el_class=&#8221;menu_doctorbarret&#8221;][vc_column width=&#8221;2\/3&#8243;][vc_row_inner][vc_column_inner css=&#8221;.vc_custom_1497342988523{margin-left: 0px !important;padding-left: 0px !important;}&#8221;][vc_column_text disable_pattern=&#8221;false&#8221; el_class=&#8221;dr-color3 tratamiento-tit-rema&#8221; css=&#8221;.vc_custom_1562836438253{margin-bottom: 0px !important;}&#8221;]\n<h1>Investigaci\u00f3<\/h1>\n[\/vc_column_text][vc_column_text disable_pattern=&#8221;false&#8221; css=&#8221;.vc_custom_1562834471151{margin-bottom: 0px !important;}&#8221;]\n<h3>Projectes de recerca:<\/h3>\n<p>The use of gamma interferon in immune-modulation and prevention of infection in burn patients: A Phase III assaig multic\u00e8ntric europeu; Co-Investigador, Servei de Cirurgia Pl\u00e0stica i Cremats, Vall d\u2019Hebron Hospital, Barcelona, 1994-1995<\/p>\n<p>Effects of IGF-1\/BP3 on muscle catabolism; Co-investigador, University of Texas; 1997-1999<\/p>\n<p>Comparison of Biobrane versus topical antibiotic treatment in partial thickness burns Co-investigador, University of Texas Medical Branch Galveston, Texas 1997-1998<\/p>\n<p>Sensitivity and specificity of broncho alveolar lavage and protected bronchial brush in the diagnosi of pneumonia in burn patients; Co-Investigador, University of Texas Medical Branch, Galveston, Texas, USA, 1997-1999<\/p>\n<p>Effects of rGH on burn scars; Co-investigator, University of Texas; 1998<\/p>\n<p>Selective decontamination of digestive tract: effects on the inflammatory response and infection outcomes; Investigador principal, University of Texas, 1997-1999<\/p>\n<p>Cost-efficacy of cultured epidermal grafts; Investigador principal, University of Texas; 1997-1999<\/p>\n<p>Validation of nerve guides in nerve regeneration, Co-investigador, University of Groningen; 1999-2002<\/p>\n<p>Determination of the catabolic response with micro-dialysis, Mid-Essex Research Foundation, Investigador principal, UK; 2002-2004<\/p>\n<p>Evaluation of the effects of platelet rich plasma and platelet derived growth factors on wound Healing, Investigador principal, VHIR, Barcelona; 2006-present<\/p>\n<p>Antibiotics pharmaco-dynamics in burn patients: Microdialysis, Fundaci\u00f3 M\u00fatua Madrilenya ; Investigador principal, Madrid; 2007-2008<\/p>\n<p>Tractament de cremades de gruix parcial amb ter\u00e0pia d&#8217;ones de xoc premudes; Co-investigador, Institut de Recerca Vall d\u00b4Hebron, 2009<\/p>\n<p>Gabapentin treatment in burn patients, Co-investigador, VHIR, Barcelona; 2011-present<\/p>\n<p>GLYADERM Assaig Multic\u00e8ntric Europeu, VHIR, Barcelona (Promotor, Nederlanse Brandwonden Stichting, University of Gent); Investigador principal, 2010-present<\/p>\n<p>Determination of P.I.A. in burn patients; Investigador principal, VHIR, Barcelona; 2012-present<\/p>\n<p>Effects of Bosentan on the inflammatory and fibrotic response; Investigador principal, VHIR, Barcelona; 2010-present<\/p>\n<p>Phase II Clinical Trial of Prontosan-Gel study, BBraun Dexon, Investigador principal. 2012-present<\/p>\n<p>Phase III Clinical Trial, Birken Oleogel study; Coordinador Internacional d&#8217;Assaig Cl\u00ednic Multic\u00e8ntric, 2012-present<\/p>\n<p>Observational study TenderWet in burns, Hartmann, Investigador principal, 2013-present<\/p>\n<p>Tractament de cicatrius hipertr\u00f2fiques amb ones de xoc; Investigador principal, VHIR, Barcelona, 2013-present<\/p>\n<p>Estudi Aquacel-Globe, Convatec, Investigador principal, VHIR, Barcelona, 2013-present[\/vc_column_text][\/vc_column_inner][\/vc_row_inner][\/vc_column][vc_column width=&#8221;1\/3&#8243;][vc_empty_space height=&#8221;62px&#8221;][vc_wp_custommenu nav_menu=&#8221;25&#8243; el_class=&#8221;menu_doctorbarret&#8221;][\/vc_column][\/vc_row][vc_row fullwidth=&#8221;true&#8221; fullwidth_content=&#8221;false&#8221; css=&#8221;.vc_custom_1497347394867{border-top-width: 1px !important;padding-top: 50px !important;padding-bottom: 50px !important;border-top-color: #333333 !important;border-top-style: solid !important;}&#8221;][vc_column][vc_column_text disable_pattern=&#8221;false&#8221; align=&#8221;center&#8221; el_class=&#8221;tratamiento-cita&#8221; css=&#8221;.vc_custom_1562834496461{margin-bottom: 0px !important;}&#8221;]\n<h2 style=\"text-align: center;\">&#8220;Un cient\u00edfic \u00e9s com un nen, juga cada dia en el seu laboratori i observa la vida amb els ulls ben oberts&#8230; mai sap en quin moment succeir\u00e0 alguna cosa.&#8221;<\/h2>\n[\/vc_column_text][\/vc_column][\/vc_row]\n<\/div>","protected":false},"excerpt":{"rendered":"<p>[vc_row][vc_column][mk_revslider id=&#8221;doctor-barret&#8221;][\/vc_column][\/vc_row][vc_row css=&#8221;.vc_custom_1504191590968{padding-top: 50px !important;}&#8221; el_class=&#8221;menu_doctorbarret&#8221;][vc_column width=&#8221;2\/3&#8243;][vc_row_inner][vc_column_inner css=&#8221;.vc_custom_1497342988523{margin-left: 0px !important;padding-left: 0px !important;}&#8221;][vc_column_text disable_pattern=&#8221;false&#8221; el_class=&#8221;dr-color3 tratamiento-tit-rema&#8221; css=&#8221;.vc_custom_1562836438253{margin-bottom: 0px !important;}&#8221;] Investigaci\u00f3 [\/vc_column_text][vc_column_text disable_pattern=&#8221;false&#8221; css=&#8221;.vc_custom_1562834471151{margin-bottom: 0px !important;}&#8221;] Projectes de recerca: The use of gamma interferon in immune-modulation and prevention of infection in burn patients: A Phase III assaig multic\u00e8ntric europeu; Co-Investigador, Servei de Cirurgia Pl\u00e0stica i Cremats, Vall [&hellip;]<\/p>\n","protected":false},"author":1,"featured_media":0,"parent":4563,"menu_order":31,"comment_status":"closed","ping_status":"closed","template":"","meta":{"_joinchat":[],"footnotes":""},"class_list":["post-4618","page","type-page","status-publish","hentry"],"yoast_head":"<!-- This site is optimized with the Yoast SEO plugin v27.5 - https:\/\/yoast.com\/product\/yoast-seo-wordpress\/ -->\n<title>Investigaci\u00f3 - WordPress<\/title>\n<meta name=\"description\" content=\"Un cient\u00edfic \u00e9s com un nen, juga cada dia en el seu laboratori i observa la vida amb els ulls ben oberts.\" \/>\n<meta name=\"robots\" content=\"index, follow, max-snippet:-1, max-image-preview:large, max-video-preview:-1\" \/>\n<link rel=\"canonical\" href=\"http:\/\/www.doctorbarret.com\/ca\/dr-barret\/investigacio\/\" \/>\n<meta property=\"og:locale\" content=\"ca_ES\" \/>\n<meta property=\"og:type\" content=\"article\" \/>\n<meta property=\"og:title\" content=\"Investigaci\u00f3 - WordPress\" \/>\n<meta property=\"og:description\" content=\"Un cient\u00edfic \u00e9s com un nen, juga cada dia en el seu laboratori i observa la vida amb els ulls ben oberts.\" \/>\n<meta property=\"og:url\" content=\"http:\/\/www.doctorbarret.com\/ca\/dr-barret\/investigacio\/\" \/>\n<meta property=\"og:site_name\" content=\"WordPress\" \/>\n<meta property=\"article:modified_time\" content=\"2022-11-09T09:18:58+00:00\" \/>\n<meta name=\"twitter:card\" content=\"summary_large_image\" \/>\n<meta name=\"twitter:label1\" content=\"Est. reading time\" \/>\n\t<meta name=\"twitter:data1\" content=\"3 minutes\" \/>\n<script type=\"application\/ld+json\" class=\"yoast-schema-graph\">{\"@context\":\"https:\\\/\\\/schema.org\",\"@graph\":[{\"@type\":\"WebPage\",\"@id\":\"http:\\\/\\\/www.doctorbarret.com\\\/ca\\\/dr-barret\\\/investigacio\\\/\",\"url\":\"http:\\\/\\\/www.doctorbarret.com\\\/ca\\\/dr-barret\\\/investigacio\\\/\",\"name\":\"Investigaci\u00f3 - WordPress\",\"isPartOf\":{\"@id\":\"https:\\\/\\\/www.doctorbarret.com\\\/ca\\\/#website\"},\"datePublished\":\"2019-07-11T08:41:44+00:00\",\"dateModified\":\"2022-11-09T09:18:58+00:00\",\"description\":\"Un cient\u00edfic \u00e9s com un nen, juga cada dia en el seu laboratori i observa la vida amb els ulls ben oberts.\",\"breadcrumb\":{\"@id\":\"http:\\\/\\\/www.doctorbarret.com\\\/ca\\\/dr-barret\\\/investigacio\\\/#breadcrumb\"},\"inLanguage\":\"ca-ES\",\"potentialAction\":[{\"@type\":\"ReadAction\",\"target\":[\"http:\\\/\\\/www.doctorbarret.com\\\/ca\\\/dr-barret\\\/investigacio\\\/\"]}]},{\"@type\":\"BreadcrumbList\",\"@id\":\"http:\\\/\\\/www.doctorbarret.com\\\/ca\\\/dr-barret\\\/investigacio\\\/#breadcrumb\",\"itemListElement\":[{\"@type\":\"ListItem\",\"position\":1,\"name\":\"Home\",\"item\":\"http:\\\/\\\/www.doctorbarret.com\\\/ca\\\/\"},{\"@type\":\"ListItem\",\"position\":2,\"name\":\"Dr. Barret\",\"item\":\"https:\\\/\\\/www.doctorbarret.com\\\/ca\\\/dr-barret\\\/\"},{\"@type\":\"ListItem\",\"position\":3,\"name\":\"Investigaci\u00f3\"}]},{\"@type\":\"WebSite\",\"@id\":\"https:\\\/\\\/www.doctorbarret.com\\\/ca\\\/#website\",\"url\":\"https:\\\/\\\/www.doctorbarret.com\\\/ca\\\/\",\"name\":\"WordPress\",\"description\":\"Just another WordPress site\",\"publisher\":{\"@id\":\"https:\\\/\\\/www.doctorbarret.com\\\/ca\\\/#organization\"},\"potentialAction\":[{\"@type\":\"SearchAction\",\"target\":{\"@type\":\"EntryPoint\",\"urlTemplate\":\"https:\\\/\\\/www.doctorbarret.com\\\/ca\\\/?s={search_term_string}\"},\"query-input\":{\"@type\":\"PropertyValueSpecification\",\"valueRequired\":true,\"valueName\":\"search_term_string\"}}],\"inLanguage\":\"ca-ES\"},{\"@type\":\"Organization\",\"@id\":\"https:\\\/\\\/www.doctorbarret.com\\\/ca\\\/#organization\",\"name\":\"Dr.Joan-Pere Barret\",\"url\":\"https:\\\/\\\/www.doctorbarret.com\\\/ca\\\/\",\"logo\":{\"@type\":\"ImageObject\",\"inLanguage\":\"ca-ES\",\"@id\":\"https:\\\/\\\/www.doctorbarret.com\\\/ca\\\/#\\\/schema\\\/logo\\\/image\\\/\",\"url\":\"https:\\\/\\\/www.doctorbarret.com\\\/wp-content\\\/uploads\\\/2017\\\/04\\\/Logo-Doctor-Barret-web-completo-castellano_AAFF.png\",\"contentUrl\":\"https:\\\/\\\/www.doctorbarret.com\\\/wp-content\\\/uploads\\\/2017\\\/04\\\/Logo-Doctor-Barret-web-completo-castellano_AAFF.png\",\"width\":2480,\"height\":3508,\"caption\":\"Dr.Joan-Pere Barret\"},\"image\":{\"@id\":\"https:\\\/\\\/www.doctorbarret.com\\\/ca\\\/#\\\/schema\\\/logo\\\/image\\\/\"}}]}<\/script>\n<!-- \/ Yoast SEO plugin. -->","yoast_head_json":{"title":"Investigaci\u00f3 - WordPress","description":"Un cient\u00edfic \u00e9s com un nen, juga cada dia en el seu laboratori i observa la vida amb els ulls ben oberts.","robots":{"index":"index","follow":"follow","max-snippet":"max-snippet:-1","max-image-preview":"max-image-preview:large","max-video-preview":"max-video-preview:-1"},"canonical":"http:\/\/www.doctorbarret.com\/ca\/dr-barret\/investigacio\/","og_locale":"ca_ES","og_type":"article","og_title":"Investigaci\u00f3 - WordPress","og_description":"Un cient\u00edfic \u00e9s com un nen, juga cada dia en el seu laboratori i observa la vida amb els ulls ben oberts.","og_url":"http:\/\/www.doctorbarret.com\/ca\/dr-barret\/investigacio\/","og_site_name":"WordPress","article_modified_time":"2022-11-09T09:18:58+00:00","twitter_card":"summary_large_image","twitter_misc":{"Est. reading time":"3 minutes"},"schema":{"@context":"https:\/\/schema.org","@graph":[{"@type":"WebPage","@id":"http:\/\/www.doctorbarret.com\/ca\/dr-barret\/investigacio\/","url":"http:\/\/www.doctorbarret.com\/ca\/dr-barret\/investigacio\/","name":"Investigaci\u00f3 - WordPress","isPartOf":{"@id":"https:\/\/www.doctorbarret.com\/ca\/#website"},"datePublished":"2019-07-11T08:41:44+00:00","dateModified":"2022-11-09T09:18:58+00:00","description":"Un cient\u00edfic \u00e9s com un nen, juga cada dia en el seu laboratori i observa la vida amb els ulls ben oberts.","breadcrumb":{"@id":"http:\/\/www.doctorbarret.com\/ca\/dr-barret\/investigacio\/#breadcrumb"},"inLanguage":"ca-ES","potentialAction":[{"@type":"ReadAction","target":["http:\/\/www.doctorbarret.com\/ca\/dr-barret\/investigacio\/"]}]},{"@type":"BreadcrumbList","@id":"http:\/\/www.doctorbarret.com\/ca\/dr-barret\/investigacio\/#breadcrumb","itemListElement":[{"@type":"ListItem","position":1,"name":"Home","item":"http:\/\/www.doctorbarret.com\/ca\/"},{"@type":"ListItem","position":2,"name":"Dr. Barret","item":"https:\/\/www.doctorbarret.com\/ca\/dr-barret\/"},{"@type":"ListItem","position":3,"name":"Investigaci\u00f3"}]},{"@type":"WebSite","@id":"https:\/\/www.doctorbarret.com\/ca\/#website","url":"https:\/\/www.doctorbarret.com\/ca\/","name":"WordPress","description":"Just another WordPress site","publisher":{"@id":"https:\/\/www.doctorbarret.com\/ca\/#organization"},"potentialAction":[{"@type":"SearchAction","target":{"@type":"EntryPoint","urlTemplate":"https:\/\/www.doctorbarret.com\/ca\/?s={search_term_string}"},"query-input":{"@type":"PropertyValueSpecification","valueRequired":true,"valueName":"search_term_string"}}],"inLanguage":"ca-ES"},{"@type":"Organization","@id":"https:\/\/www.doctorbarret.com\/ca\/#organization","name":"Dr.Joan-Pere Barret","url":"https:\/\/www.doctorbarret.com\/ca\/","logo":{"@type":"ImageObject","inLanguage":"ca-ES","@id":"https:\/\/www.doctorbarret.com\/ca\/#\/schema\/logo\/image\/","url":"https:\/\/www.doctorbarret.com\/wp-content\/uploads\/2017\/04\/Logo-Doctor-Barret-web-completo-castellano_AAFF.png","contentUrl":"https:\/\/www.doctorbarret.com\/wp-content\/uploads\/2017\/04\/Logo-Doctor-Barret-web-completo-castellano_AAFF.png","width":2480,"height":3508,"caption":"Dr.Joan-Pere Barret"},"image":{"@id":"https:\/\/www.doctorbarret.com\/ca\/#\/schema\/logo\/image\/"}}]}},"_links":{"self":[{"href":"http:\/\/www.doctorbarret.com\/ca\/wp-json\/wp\/v2\/pages\/4618","targetHints":{"allow":["GET"]}}],"collection":[{"href":"http:\/\/www.doctorbarret.com\/ca\/wp-json\/wp\/v2\/pages"}],"about":[{"href":"http:\/\/www.doctorbarret.com\/ca\/wp-json\/wp\/v2\/types\/page"}],"author":[{"embeddable":true,"href":"http:\/\/www.doctorbarret.com\/ca\/wp-json\/wp\/v2\/users\/1"}],"replies":[{"embeddable":true,"href":"http:\/\/www.doctorbarret.com\/ca\/wp-json\/wp\/v2\/comments?post=4618"}],"version-history":[{"count":0,"href":"http:\/\/www.doctorbarret.com\/ca\/wp-json\/wp\/v2\/pages\/4618\/revisions"}],"up":[{"embeddable":true,"href":"http:\/\/www.doctorbarret.com\/ca\/wp-json\/wp\/v2\/pages\/4563"}],"wp:attachment":[{"href":"http:\/\/www.doctorbarret.com\/ca\/wp-json\/wp\/v2\/media?parent=4618"}],"curies":[{"name":"wp","href":"https:\/\/api.w.org\/{rel}","templated":true}]}}