{"id":11351,"date":"2024-07-03T12:40:32","date_gmt":"2024-07-03T10:40:32","guid":{"rendered":"https:\/\/www.doctorbarret.com\/?page_id=11351"},"modified":"2024-07-03T13:30:08","modified_gmt":"2024-07-03T11:30:08","slug":"politica-privacitat","status":"publish","type":"page","link":"https:\/\/www.doctorbarret.com\/ca\/politica-privacitat\/","title":{"rendered":"Pol\u00edtica de privacitat"},"content":{"rendered":"<div class=\"wpb-content-wrapper\">[vc_row fullwidth=&#8221;true&#8221;][vc_column][vc_single_image image=&#8221;903&#8243; img_size=&#8221;full&#8221; alignment=&#8221;center&#8221;][\/vc_column][\/vc_row][vc_row fullwidth=&#8221;true&#8221; fullwidth_content=&#8221;false&#8221; equal_columns=&#8221;true&#8221; css=&#8221;.vc_custom_1502363998969{padding-top: 25px !important;padding-bottom: 10px !important;background-color: #ffffff !important;}&#8221;][vc_column css=&#8221;.vc_custom_1497287087640{margin-bottom: 0px !important;border-bottom-width: 0px !important;padding-bottom: 0px !important;}&#8221;][vc_column_text css=&#8221;.vc_custom_1720005888512{margin-bottom: 0px !important;}&#8221;]\n<h1>Pol\u00edtica de privacitat<\/h1>\n[\/vc_column_text][\/vc_column][\/vc_row][vc_row fullwidth=&#8221;true&#8221; fullwidth_content=&#8221;false&#8221; equal_columns=&#8221;true&#8221; css=&#8221;.vc_custom_1497368621785{padding-top: 50px !important;padding-bottom: 50px !important;background-color: #ffffff !important;}&#8221;][vc_column css=&#8221;.vc_custom_1506437049489{margin-bottom: 0px !important;border-bottom-width: 0px !important;padding-right: 20px !important;padding-bottom: 0px !important;padding-left: 0px !important;}&#8221;][vc_column_text disable_pattern=&#8221;false&#8221; css=&#8221;.vc_custom_1720006202002{margin-bottom: 0px !important;}&#8221;]<span style=\"text-decoration: underline;\"><strong>1. POL\u00cdTICA D&#8217;ENLLA\u00c7OS I EXEMPCIONS DE RESPONSABILITAT<\/strong><\/span><\/p>\n<p><strong>BJ CIRUGIA REPARADORA SLP<\/strong> no es fa responsable del contingut de les p\u00e0gines web a les quals pugui accedir l&#8217;usuari a trav\u00e9s dels enlla\u00e7os establerts en els seus llocs web i declara que en cap cas examinar\u00e0 ni exercitar\u00e0 cap mena de control sobre el contingut d&#8217;altres p\u00e0gines de la xarxa.<\/p>\n<p>Aix\u00ed mateix, tampoc garanteix la disponibilitat t\u00e8cnica, exactitud, veracitat, validesa o legalitat de p\u00e0gines alienes a la seva propietat a les quals es pugui accedir a trav\u00e9s dels enlla\u00e7os d&#8217;aquesta web.<\/p>\n<p><strong>BJ CIRUGIA REPARADORA SLP<\/strong> declara que ha adoptat totes les mesures necess\u00e0ries per a evitar qualsevol mal que pugui derivar-se de la navegaci\u00f3 per la seva p\u00e0gina web. En conseq\u00fc\u00e8ncia, <strong>BJ CIRUGIA REPARADORA SLP<\/strong> no es fa responsable, en cap cas, dels eventuals danys que pugui sofrir l&#8217;usuari a causa de la navegaci\u00f3 per Internet.<\/p>\n<p><strong>BJ CIRUGIA REPARADORA SLP<\/strong> no es responsabilitza dels danys o perjudicis de qualsevol tipus produ\u00efts en l&#8217;Usuari que portin causa de fallades o desconnexions en les xarxes de telecomunicacions que produeixin la suspensi\u00f3, cancel\u00b7laci\u00f3, instal\u00b7laci\u00f3 o interrupci\u00f3 del servei de la web durant la prestaci\u00f3 del mateix o amb car\u00e0cter previ.<\/p>\n<p>L&#8217;acc\u00e9s a la web <strong>www.doctorbarret.com<\/strong> no implica l&#8217;obligaci\u00f3 per part de l&#8217;entitat de controlar l&#8217;abs\u00e8ncia de virus o qualsevol altre element inform\u00e0tic nociu. Correspon a l&#8217;Usuari, en tot cas, la disponibilitat d&#8217;eines adequades per a la detecci\u00f3 i desinfecci\u00f3 i protecci\u00f3 de programes inform\u00e0tics nocius.<\/p>\n<p><strong>BJ CIRUGIA REPARADORA SLP<\/strong> no es responsabilitza dels danys produ\u00efts en els equips inform\u00e0tics, documents i\/o fitxers dels Usuaris o de tercers durant la prestaci\u00f3 del servei en aquest Portal web.<\/p>\n<p><span style=\"text-decoration: underline;\"><strong>2. PUBLICITAT<\/strong><\/span><\/p>\n<p>La web <strong>www.doctorbarret.com<\/strong> podr\u00e0 allotjar continguts publicitaris o patrocinats. Els anunciants o patrocinadors s\u00f3n els \u00fanics responsables d&#8217;assegurar-se que el material rem\u00e8s per a la seva inclusi\u00f3 en la web compleix amb les lleis que en cada cas puguin ser aplicable.<\/p>\n<p><strong>BJ CIRUGIA REPARADORA SLP<\/strong> no ser\u00e0 responsable de qualsevol error, inexactitud o irregularitat que puguin contenir els continguts publicitaris o dels patrocinadors en aquesta web.<br \/>\n<span style=\"text-decoration: underline;\"><strong>3. MODIFICACIONS<\/strong><\/span><\/p>\n<p><strong>BJ CIRUGIA REPARADORA SLP<\/strong> es reserva el dret a realitzar les modificacions que consideri oportunes, sense av\u00eds previ, en el contingut del seu lloc web, tant quant als continguts com per les seves condicions d&#8217;\u00fas o per les condicions generals de contractaci\u00f3. Aquestes modificacions podran realitzar-se, a trav\u00e9s dels seus llocs web, de qualsevol forma admissible en dret i seran d&#8217;obligat compliment durant el temps que estiguin publicades en la web i fins que no siguin modificades per altres posteriors.<\/p>\n<p><span style=\"text-decoration: underline;\"><strong>4. PROPIETAT INTEL\u00b7LECTUAL<\/strong><\/span><\/p>\n<p>Els drets de propietat intel\u00b7lectual i industrial derivats de tots els textos, imatges, aix\u00ed com dels mitjans i formes de presentaci\u00f3 i muntatge de les seves p\u00e0gines pertanyen, per si mateixos o com a cession\u00e0ria, a <strong>BJ CIRUGIA REPARADORA SLP.<\/strong><\/p>\n<p>Seran, per tant, obres protegides amb propietat intel\u00b7lectual per l&#8217;ordenament jur\u00eddic espanyol i se&#8217;ls podr\u00e0 aplicar tant la normativa espanyola i comunit\u00e0ria en aquest camp, com els tractats internacionals relatius a la mat\u00e8ria i subscrits per Espanya, Reial decret legislatiu 1\/1996, \u00faltima actualitzaci\u00f3, 30\/03\/2023.<\/p>\n<p>Directiva-UE-2019\/790 del Parlament Europeu i del Consell de 17 d&#8217;abril de 2019 sobre els drets d&#8217;autor i drets afins en el mercat \u00fanic digital.<\/p>\n<p>Tots els drets reservats. En compliment de la Llei de la Propietat Intel\u00b7lectual es prohibeix expressament la reproducci\u00f3, distribuci\u00f3, comunicaci\u00f3 p\u00fablica i utilitzaci\u00f3 de la totalitat o part dels continguts de les seves p\u00e0gines web sense el consentiment expl\u00edcit de <strong>BJ CIRUGIA REPARADORA SLP<\/strong>.<\/p>\n<p>Aix\u00ed mateix, <strong>BJ CIRUGIA REPARADORA SLP<\/strong> es reserva la facultat de presentar les accions civils o penals que consideri oportunes per la utilitzaci\u00f3 indeguda de les seves p\u00e0gines web i continguts o per l&#8217;incompliment d&#8217;aquestes condicions.<\/p>\n<p><span style=\"text-decoration: underline;\"><strong>5. ACCIONS LEGAL, LEGISLACI\u00d3 APLICABLE I JURISDICCI\u00d3<\/strong><\/span><\/p>\n<p>La relaci\u00f3 entre els usuaris i <strong>BJ CIRUGIA REPARADORA SLP<\/strong> es regir\u00e0 per la normativa espanyola vigent i seran competents per a decidir sobre qualsevol controv\u00e8rsia que pugui sorgir entre l&#8217;usuari i <strong>BJ CIRUGIA REPARADORA SLP<\/strong>, els jutjats o tribunals del Partit Judicial de la localitat de BARCELONA.<\/p>\n<p><span style=\"text-decoration: underline;\"><strong>6. RESERVA DE COOKIES<\/strong><\/span><\/p>\n<p><strong>BJ CIRUGIA REPARADORA SLP<\/strong> utilitza cookies i altres tecnologies similars que emmagatzemen i recuperen informaci\u00f3 quan navegues. Aquestes tecnologies poden servir per a finalitats diverses, com recon\u00e8ixer a un usuari i obtenir informaci\u00f3 dels seus h\u00e0bits de navegaci\u00f3. Els usos concrets que fem d&#8217;aquestes tecnologies es descriuen en la informaci\u00f3 de la Pol\u00edtica de Cookies. Seguint la pol\u00edtica de protecci\u00f3 de dades de l&#8217;entitat, <strong>BJ CIRUGIA REPARADORA SLP<\/strong> informa que les cookies s&#8217;associen a l&#8217;usuari an\u00f2nim i al seu ordinador i no proporcionen per si mateixes les dades personals de l&#8217;usuari.<\/p>\n<p>La informaci\u00f3 de la nostra \u2018pol\u00edtica de cookies\u2019 informa l&#8217;usuari del temps que aquestes cookies romandran actives en el terminal de l&#8217;usuari i de la possibilitat que tercers tinguin acc\u00e9s a la informaci\u00f3 que aquestes emmagatzemen. Per aix\u00f2 es va modificar l&#8217;article 5, apartat 3, de la Directiva 2002\/58 per la Directiva 2009\/136, i ara per la Guia de l&#8217;AEPD.<\/p>\n<p>L&#8217;\u00faltima Guia sobre l&#8217;\u00fas de cookies de l&#8217;AEPD de juliol de 2023, que incorpora el criteri del Comit\u00e8 Europeu en Protecci\u00f3 de Dades (CEPD), que recull les accions d&#8217;acceptar o rebutjar les cookies, totes dues accions han d&#8217;estar al mateix nivell, sense que sigui m\u00e9s complicat rebutjar-les o acceptar-les, l&#8217;usuari t\u00e9 la possibilitat d&#8217;acceptar o rebutjar expl\u00edcitament l&#8217;\u00fas de les cookies i rebre m\u00e9s informaci\u00f3 d&#8217;aquestes. Addicionalment, l&#8217;Usuari t\u00e9 la possibilitat de configurar el seu navegador de manera que sigui informat de la recepci\u00f3 de cookies, amb la possibilitat, si aix\u00ed ho desitja, d&#8217;impedir que s&#8217;instal\u00b7lin en el seu disc dur.<\/p>\n<p><span style=\"text-decoration: underline;\"><strong>7. POLITICA DE PRIVACITAT<\/strong><\/span><\/p>\n<p>De conformitat amb el que s&#8217;estableix per RGPD-UE-2016\/679, la LOPD 3\/2018, de Garantia dels Drets Digitals, la Llei 34\/2002, amb l&#8217;\u00faltima actualitzaci\u00f3, 09\/05\/2023, de Serveis de la Societat de la Informaci\u00f3 i el Comer\u00e7 Electr\u00f2nic, i la Llei 11\/2022, General de Telecomunicacions, <strong>BJ CIRUGIA REPARADORA SLP<\/strong> informa els usuaris dels seus websites que estem obligats a guardar secret professional sobre les dades personals recaptades per l&#8217;entitat mitjan\u00e7ant els formularis de registre o contacte en les seves p\u00e0gines. Aquesta obligaci\u00f3 continuar\u00e0 fins i tot despr\u00e9s d&#8217;haver finalitzat la nostra relaci\u00f3 comercial o contractual, i en cap cas podrem fer p\u00fablics les dades personals dels visitants i clients a la web sense el seu consentiment.<\/p>\n<p><strong>Consentiment del menor:<\/strong> Segons l&#8217;article 6 apartat f, i l&#8217;article 8, apartat 1, del RGPD-UE-2016\/679, i per la LOPD-3\/2018, de Garantia dels Drets Digitals en el seu article 84, (protecci\u00f3 dels menors en Interne), exposen que quan l&#8217;interessat sigui un menor de 16 anys, no podr\u00e0 prestar el seu consentiment perqu\u00e8 un comer\u00e7 en l\u00ednia reculli les seves dades personals, tal tractament \u00fanicament es considerar\u00e0 l\u00edcit si el consentiment el va donar o va autoritzar el titular o titulars de la p\u00e0tria potestat o tutela sobre el menor, han de disposar dels mitjans per a obtenir el consentiment expl\u00edcit dels seus pares o tutors; per exemple, mitjan\u00e7ant un missatge de correu electr\u00f2nic dirigit a algun d&#8217;ells que contingui un enlla\u00e7 a un formulari electr\u00f2nic, tret que el menor tingui com a m\u00ednim 16 anys complerts que ser\u00e0 licito el seu consentiment.<\/p>\n<p><strong>Consentiment dels interessats:<\/strong> D&#8217;acord amb el que s&#8217;estableix en la Llei 34\/2002, de Serveis de la Societat de la Informaci\u00f3 i el Comer\u00e7 Electr\u00f2nic en el seu article 21, i pel RGPD-UE-2016\/679, articles, 5, 6, 7 i 13, demanem el seu consentiment per a poder realitzar comunicacions publicit\u00e0ries o informaci\u00f3 de la nostra entitat que considerem puguin ser del seu inter\u00e8s, per correu electr\u00f2nic o per qualsevol altre mitj\u00e0 de comunicaci\u00f3 electr\u00f2nica equivalent. Aquest consentiment l&#8217;atorgar\u00e0, o no, mitjan\u00e7ant l&#8217;acceptaci\u00f3 de la Pol\u00edtica de Privacitat en el citat check o Bot\u00f3, al peu del formulari de registre i\/o contacte.<\/p>\n<p>Aquestes dades, seran introdu\u00efts en un fitxer automatitzat sota la responsabilitat de l&#8217;administrador de la web de <strong>BJ CIRUGIA REPARADORA SLP<\/strong> amb la finalitat de poder facilitar, agilitzar i complir els compromisos establerts entre totes dues parts. Aix\u00ed mateix, <strong>BJ CIRUGIA REPARADORA SLP<\/strong> informa de la possibilitat d&#8217;exercir els drets d&#8217;acc\u00e9s, que permet a l&#8217;usuari web, con\u00e8ixer que dades personals t\u00e9 l&#8217;administrador d&#8217;aquesta p\u00e0gina i en tal cas contest\u00e9s en un termini de 30 dies, sempre que conservin les dades personals, rectificaci\u00f3, oposici\u00f3, supressi\u00f3, limitaci\u00f3, i portabilitat, aquests drets es podran exercir per qualsevol mitj\u00e0 que deixi const\u00e0ncia del seu enviament i de la seva recepci\u00f3 a l&#8217;adre\u00e7a de l&#8217;administrador d&#8217;aquesta web o al Correu electr\u00f2nic ejoly@doctorbarret.com, aportant fotoc\u00f2pia del DNI o documentaci\u00f3 alternativa que acrediti la seva identitat. Els interessats podran presentar reclamaci\u00f3 davant l&#8217;Autoritat de Control, AEPD, ACPD i AVPD.<\/p>\n<p>L&#8217;enviament de les seves dades mitjan\u00e7ant el\/els formularis de la nostra web estar\u00e0 supeditat obligat\u00f2riament al fet que hagi llegit\/acceptat la Pol\u00edtica de Privacitat, mitjan\u00e7ant una casella de selecci\u00f3 obligat\u00f2ria al peu del formulari de registre o contacte.<\/p>\n<p><strong>Actualitzada: 07\/05\/2024.<\/strong>[\/vc_column_text][\/vc_column][\/vc_row][vc_row fullwidth=&#8221;true&#8221; fullwidth_content=&#8221;false&#8221; css=&#8221;.vc_custom_1505489585972{padding-top: 75px !important;padding-bottom: 40px !important;background-color: #ededed !important;}&#8221;][vc_column][vc_column_text css=&#8221;.vc_custom_1506437652164{margin-bottom: 0px !important;}&#8221;]\n<h2>\u00bfTIENES DUDAS?<\/h2>\n[\/vc_column_text][vc_column_text css=&#8221;.vc_custom_1506437669164{margin-bottom: 0px !important;}&#8221;]\u00bfTIENES ALGUNA PREGUNTA SOBRE NUESTROS TRATAMIENTOS? EL DR. JOAN-PERE BARRET RESPONDE:[\/vc_column_text][contact-form-7 id=&#8221;5&#8243;][\/vc_column][\/vc_row]\n<\/div>","protected":false},"excerpt":{"rendered":"<p>[vc_row fullwidth=&#8221;true&#8221;][vc_column][vc_single_image image=&#8221;903&#8243; img_size=&#8221;full&#8221; alignment=&#8221;center&#8221;][\/vc_column][\/vc_row][vc_row fullwidth=&#8221;true&#8221; fullwidth_content=&#8221;false&#8221; equal_columns=&#8221;true&#8221; css=&#8221;.vc_custom_1502363998969{padding-top: 25px !important;padding-bottom: 10px !important;background-color: #ffffff !important;}&#8221;][vc_column css=&#8221;.vc_custom_1497287087640{margin-bottom: 0px !important;border-bottom-width: 0px !important;padding-bottom: 0px !important;}&#8221;][vc_column_text css=&#8221;.vc_custom_1720005888512{margin-bottom: 0px !important;}&#8221;] Pol\u00edtica de privacitat [\/vc_column_text][\/vc_column][\/vc_row][vc_row fullwidth=&#8221;true&#8221; fullwidth_content=&#8221;false&#8221; equal_columns=&#8221;true&#8221; css=&#8221;.vc_custom_1497368621785{padding-top: 50px !important;padding-bottom: 50px !important;background-color: #ffffff !important;}&#8221;][vc_column css=&#8221;.vc_custom_1506437049489{margin-bottom: 0px !important;border-bottom-width: 0px !important;padding-right: 20px !important;padding-bottom: 0px !important;padding-left: 0px !important;}&#8221;][vc_column_text disable_pattern=&#8221;false&#8221; css=&#8221;.vc_custom_1720006202002{margin-bottom: 0px !important;}&#8221;]1. POL\u00cdTICA [&hellip;]<\/p>\n","protected":false},"author":1,"featured_media":0,"parent":0,"menu_order":100,"comment_status":"closed","ping_status":"closed","template":"","meta":{"_joinchat":[],"footnotes":""},"class_list":["post-11351","page","type-page","status-publish","hentry"],"yoast_head":"<!-- This site is optimized with the Yoast SEO plugin v27.5 - https:\/\/yoast.com\/product\/yoast-seo-wordpress\/ -->\n<title>Pol\u00edtica de privacitat - WordPress<\/title>\n<meta name=\"description\" content=\"Av\u00eds legal de pol\u00edtica de cookies\" \/>\n<meta name=\"robots\" content=\"index, follow, max-snippet:-1, max-image-preview:large, max-video-preview:-1\" \/>\n<link rel=\"canonical\" href=\"https:\/\/www.doctorbarret.com\/ca\/politica-privacitat\/\" \/>\n<meta property=\"og:locale\" content=\"ca_ES\" \/>\n<meta property=\"og:type\" content=\"article\" \/>\n<meta property=\"og:title\" content=\"Pol\u00edtica de privacitat - WordPress\" \/>\n<meta property=\"og:description\" content=\"Av\u00eds legal de pol\u00edtica de cookies\" \/>\n<meta property=\"og:url\" content=\"https:\/\/www.doctorbarret.com\/ca\/politica-privacitat\/\" \/>\n<meta property=\"og:site_name\" content=\"WordPress\" \/>\n<meta property=\"article:modified_time\" content=\"2024-07-03T11:30:08+00:00\" \/>\n<meta name=\"twitter:card\" content=\"summary_large_image\" \/>\n<meta name=\"twitter:label1\" content=\"Est. reading time\" \/>\n\t<meta name=\"twitter:data1\" content=\"8 minutes\" \/>\n<script type=\"application\/ld+json\" class=\"yoast-schema-graph\">{\"@context\":\"https:\\\/\\\/schema.org\",\"@graph\":[{\"@type\":\"WebPage\",\"@id\":\"https:\\\/\\\/www.doctorbarret.com\\\/ca\\\/politica-privacitat\\\/\",\"url\":\"https:\\\/\\\/www.doctorbarret.com\\\/ca\\\/politica-privacitat\\\/\",\"name\":\"Pol\u00edtica de privacitat - WordPress\",\"isPartOf\":{\"@id\":\"https:\\\/\\\/www.doctorbarret.com\\\/ca\\\/#website\"},\"datePublished\":\"2024-07-03T10:40:32+00:00\",\"dateModified\":\"2024-07-03T11:30:08+00:00\",\"description\":\"Av\u00eds legal de pol\u00edtica de cookies\",\"breadcrumb\":{\"@id\":\"https:\\\/\\\/www.doctorbarret.com\\\/ca\\\/politica-privacitat\\\/#breadcrumb\"},\"inLanguage\":\"ca-ES\",\"potentialAction\":[{\"@type\":\"ReadAction\",\"target\":[\"https:\\\/\\\/www.doctorbarret.com\\\/ca\\\/politica-privacitat\\\/\"]}]},{\"@type\":\"BreadcrumbList\",\"@id\":\"https:\\\/\\\/www.doctorbarret.com\\\/ca\\\/politica-privacitat\\\/#breadcrumb\",\"itemListElement\":[{\"@type\":\"ListItem\",\"position\":1,\"name\":\"Home\",\"item\":\"http:\\\/\\\/www.doctorbarret.com\\\/ca\\\/\"},{\"@type\":\"ListItem\",\"position\":2,\"name\":\"Pol\u00edtica de privacitat\"}]},{\"@type\":\"WebSite\",\"@id\":\"https:\\\/\\\/www.doctorbarret.com\\\/ca\\\/#website\",\"url\":\"https:\\\/\\\/www.doctorbarret.com\\\/ca\\\/\",\"name\":\"WordPress\",\"description\":\"Just another WordPress site\",\"publisher\":{\"@id\":\"https:\\\/\\\/www.doctorbarret.com\\\/ca\\\/#organization\"},\"potentialAction\":[{\"@type\":\"SearchAction\",\"target\":{\"@type\":\"EntryPoint\",\"urlTemplate\":\"https:\\\/\\\/www.doctorbarret.com\\\/ca\\\/?s={search_term_string}\"},\"query-input\":{\"@type\":\"PropertyValueSpecification\",\"valueRequired\":true,\"valueName\":\"search_term_string\"}}],\"inLanguage\":\"ca-ES\"},{\"@type\":\"Organization\",\"@id\":\"https:\\\/\\\/www.doctorbarret.com\\\/ca\\\/#organization\",\"name\":\"Dr.Joan-Pere Barret\",\"url\":\"https:\\\/\\\/www.doctorbarret.com\\\/ca\\\/\",\"logo\":{\"@type\":\"ImageObject\",\"inLanguage\":\"ca-ES\",\"@id\":\"https:\\\/\\\/www.doctorbarret.com\\\/ca\\\/#\\\/schema\\\/logo\\\/image\\\/\",\"url\":\"https:\\\/\\\/www.doctorbarret.com\\\/wp-content\\\/uploads\\\/2017\\\/04\\\/Logo-Doctor-Barret-web-completo-castellano_AAFF.png\",\"contentUrl\":\"https:\\\/\\\/www.doctorbarret.com\\\/wp-content\\\/uploads\\\/2017\\\/04\\\/Logo-Doctor-Barret-web-completo-castellano_AAFF.png\",\"width\":2480,\"height\":3508,\"caption\":\"Dr.Joan-Pere Barret\"},\"image\":{\"@id\":\"https:\\\/\\\/www.doctorbarret.com\\\/ca\\\/#\\\/schema\\\/logo\\\/image\\\/\"}}]}<\/script>\n<!-- \/ Yoast SEO plugin. -->","yoast_head_json":{"title":"Pol\u00edtica de privacitat - WordPress","description":"Av\u00eds legal de pol\u00edtica de cookies","robots":{"index":"index","follow":"follow","max-snippet":"max-snippet:-1","max-image-preview":"max-image-preview:large","max-video-preview":"max-video-preview:-1"},"canonical":"https:\/\/www.doctorbarret.com\/ca\/politica-privacitat\/","og_locale":"ca_ES","og_type":"article","og_title":"Pol\u00edtica de privacitat - WordPress","og_description":"Av\u00eds legal de pol\u00edtica de cookies","og_url":"https:\/\/www.doctorbarret.com\/ca\/politica-privacitat\/","og_site_name":"WordPress","article_modified_time":"2024-07-03T11:30:08+00:00","twitter_card":"summary_large_image","twitter_misc":{"Est. reading time":"8 minutes"},"schema":{"@context":"https:\/\/schema.org","@graph":[{"@type":"WebPage","@id":"https:\/\/www.doctorbarret.com\/ca\/politica-privacitat\/","url":"https:\/\/www.doctorbarret.com\/ca\/politica-privacitat\/","name":"Pol\u00edtica de privacitat - WordPress","isPartOf":{"@id":"https:\/\/www.doctorbarret.com\/ca\/#website"},"datePublished":"2024-07-03T10:40:32+00:00","dateModified":"2024-07-03T11:30:08+00:00","description":"Av\u00eds legal de pol\u00edtica de cookies","breadcrumb":{"@id":"https:\/\/www.doctorbarret.com\/ca\/politica-privacitat\/#breadcrumb"},"inLanguage":"ca-ES","potentialAction":[{"@type":"ReadAction","target":["https:\/\/www.doctorbarret.com\/ca\/politica-privacitat\/"]}]},{"@type":"BreadcrumbList","@id":"https:\/\/www.doctorbarret.com\/ca\/politica-privacitat\/#breadcrumb","itemListElement":[{"@type":"ListItem","position":1,"name":"Home","item":"http:\/\/www.doctorbarret.com\/ca\/"},{"@type":"ListItem","position":2,"name":"Pol\u00edtica de privacitat"}]},{"@type":"WebSite","@id":"https:\/\/www.doctorbarret.com\/ca\/#website","url":"https:\/\/www.doctorbarret.com\/ca\/","name":"WordPress","description":"Just another WordPress site","publisher":{"@id":"https:\/\/www.doctorbarret.com\/ca\/#organization"},"potentialAction":[{"@type":"SearchAction","target":{"@type":"EntryPoint","urlTemplate":"https:\/\/www.doctorbarret.com\/ca\/?s={search_term_string}"},"query-input":{"@type":"PropertyValueSpecification","valueRequired":true,"valueName":"search_term_string"}}],"inLanguage":"ca-ES"},{"@type":"Organization","@id":"https:\/\/www.doctorbarret.com\/ca\/#organization","name":"Dr.Joan-Pere Barret","url":"https:\/\/www.doctorbarret.com\/ca\/","logo":{"@type":"ImageObject","inLanguage":"ca-ES","@id":"https:\/\/www.doctorbarret.com\/ca\/#\/schema\/logo\/image\/","url":"https:\/\/www.doctorbarret.com\/wp-content\/uploads\/2017\/04\/Logo-Doctor-Barret-web-completo-castellano_AAFF.png","contentUrl":"https:\/\/www.doctorbarret.com\/wp-content\/uploads\/2017\/04\/Logo-Doctor-Barret-web-completo-castellano_AAFF.png","width":2480,"height":3508,"caption":"Dr.Joan-Pere Barret"},"image":{"@id":"https:\/\/www.doctorbarret.com\/ca\/#\/schema\/logo\/image\/"}}]}},"_links":{"self":[{"href":"https:\/\/www.doctorbarret.com\/ca\/wp-json\/wp\/v2\/pages\/11351","targetHints":{"allow":["GET"]}}],"collection":[{"href":"https:\/\/www.doctorbarret.com\/ca\/wp-json\/wp\/v2\/pages"}],"about":[{"href":"https:\/\/www.doctorbarret.com\/ca\/wp-json\/wp\/v2\/types\/page"}],"author":[{"embeddable":true,"href":"https:\/\/www.doctorbarret.com\/ca\/wp-json\/wp\/v2\/users\/1"}],"replies":[{"embeddable":true,"href":"https:\/\/www.doctorbarret.com\/ca\/wp-json\/wp\/v2\/comments?post=11351"}],"version-history":[{"count":5,"href":"https:\/\/www.doctorbarret.com\/ca\/wp-json\/wp\/v2\/pages\/11351\/revisions"}],"predecessor-version":[{"id":11562,"href":"https:\/\/www.doctorbarret.com\/ca\/wp-json\/wp\/v2\/pages\/11351\/revisions\/11562"}],"wp:attachment":[{"href":"https:\/\/www.doctorbarret.com\/ca\/wp-json\/wp\/v2\/media?parent=11351"}],"curies":[{"name":"wp","href":"https:\/\/api.w.org\/{rel}","templated":true}]}}