{"id":4615,"date":"2019-07-11T10:35:00","date_gmt":"2019-07-11T08:35:00","guid":{"rendered":"https:\/\/www.doctorbarret.com\/?page_id=4615"},"modified":"2022-11-09T11:18:10","modified_gmt":"2022-11-09T09:18:10","slug":"activitat-professional-i-academica","status":"publish","type":"page","link":"https:\/\/www.doctorbarret.com\/ca\/dr-barret\/activitat-professional-i-academica\/","title":{"rendered":"Activitat professional i acad\u00e8mica"},"content":{"rendered":"<div class=\"wpb-content-wrapper\">[vc_row][vc_column][mk_revslider id=&#8221;doctor-barret&#8221;][\/vc_column][\/vc_row][vc_row css=&#8221;.vc_custom_1504191590968{padding-top: 50px !important;}&#8221; el_class=&#8221;menu_doctorbarret&#8221;][vc_column width=&#8221;2\/3&#8243;][vc_row_inner][vc_column_inner css=&#8221;.vc_custom_1497342988523{margin-left: 0px !important;padding-left: 0px !important;}&#8221;][vc_column_text disable_pattern=&#8221;false&#8221; el_class=&#8221;dr-color1 tratamiento-tit-rema&#8221; css=&#8221;.vc_custom_1562833345624{margin-bottom: 0px !important;}&#8221;]\n<h1>Activitat professional<\/h1>\n[\/vc_column_text][vc_column_text disable_pattern=&#8221;false&#8221; css=&#8221;.vc_custom_1562833671629{margin-bottom: 0px !important;}&#8221;]\n<h3>Posici\u00f3 actual:<\/h3>\n<p><strong>Cap de Servei del Departament de Cirurgia Pl\u00e0stica i Cremats<\/strong><br \/>\nDirector de la Unitat de Cremats<br \/>\nDirector del Programa de Trasplantament de cara i m\u00e0<br \/>\nHospital Universitari Vall d&#8217;Hebron<br \/>\nVall d&#8217;Hebron Institut de Recerca<br \/>\nBarcelona<\/p>\n<p><strong>Cirurgi\u00e0 Pl\u00e0stic<\/strong><br \/>\nHospital CIMA<br \/>\nBarcelona<\/p>\n<p><strong>Professor de Cirurgia i Director Assignatura Cirurgia Pl\u00e0stica<\/strong><br \/>\nFacultat de Medicina<br \/>\nUniversitat Aut\u00f2noma de Barcelona<br \/>\nBarcelona<\/p>\n<p><strong>Catedr\u00e0tic de Cirurgia<\/strong><br \/>\nAQU Catalunya<br \/>\nBarcelona<\/p>\n<h3>Cronologia professional:<\/h3>\n<p><strong>1992 &#8211; 1996:<\/strong> Resid\u00e8ncia en Cirurgia Pl\u00e0stica ; Hospital Universitari Vall d&#8217;Hebron, Barcelona<\/p>\n<p><strong>1995:<\/strong> Stage de 3 mesos; Harborview Medical Center, University of Washington, Seattle, USA<\/p>\n<p><strong>1997 &#8211; 1998:<\/strong> Fellowship en Cremats; Shriners Burns Hospital, University of Texas, USA<\/p>\n<p><strong>1998 &#8211; 1999:<\/strong> Fellowship en Cirurgia Pl\u00e0stica; University of Texas, USA<\/p>\n<p><strong>1999 &#8211; 2002:<\/strong> Cirurgi\u00e0 pl\u00e0stic especialista en Microcirug\u00eda; University Hospital Groningen, Pa\u00efsos Baixos<\/p>\n<p><strong>2002 &#8211; 2004:<\/strong> Cirurgi\u00e0 pl\u00e0stic i Cap de Secci\u00f3 de Microcirug\u00eda; St Andrews Centri, Broomfield Hospital, Essex, UK<\/p>\n<p><strong>2002 &#8211; 2004:<\/strong> Cirurgi\u00e0 est\u00e8tic en el Springfield Capio Hospital; Essex, UK<\/p>\n<p><strong>2005 &#8211; 2006:<\/strong> Metge adjunt de Cirurgia Pl\u00e0stica i Cremats; Hospital Universitari Vall d&#8217;Hebron, Barcelona.<br \/>\nProfessor Cirurgia Pl\u00e0stica; Universitat Aut\u00f2noma de Barcelona, Barcelona<\/p>\n<p><strong>2006 &#8211; 2015:<\/strong> Membre staff m\u00e8dic Hospital Quir\u00f3n Teknon, Barcelona<\/p>\n<p><strong>2006 &#8211; Present:<\/strong> Cap de Servei del Departament de Cirurgia Pl\u00e0stica i Cremats, Director de la Unitat de Cremats, Director del Programa de Trasplantament de cara i M\u00e0; Hospital Universitari Vall d&#8217;Hebron, Barcelona.<\/p>\n<p><strong>2006 &#8211; Present:<\/strong>\u00a0Professor de Cirurgia i Director de l&#8217;assignatura de Cirurgia Pl\u00e0stica; Universitat Aut\u00f2noma de Barcelona, Barcelona<\/p>\n<p><strong>2015 &#8211; Present:<\/strong> Cirurgi\u00e0 Pl\u00e0stic en Hospital CIM<\/p>\n[\/vc_column_text][vc_empty_space][\/vc_column_inner][\/vc_row_inner][vc_column_text disable_pattern=&#8221;false&#8221; el_class=&#8221;dr-color1 tratamiento-tit-rema&#8221; css=&#8221;.vc_custom_1625742158631{margin-bottom: 0px !important;}&#8221;]\n<h2 style=\"font-size: 35px; font-weight: 600; color: #fdc62d; text-transform: none;\">Activitat acad\u00e8mica<\/h2>\n[\/vc_column_text][vc_column_text css=&#8221;.vc_custom_1562834054741{margin-bottom: 0px !important;}&#8221;]\n<h3>T\u00edtols acad\u00e8mics:<\/h3>\n<p><strong>Llicenciat en Medicina i Cirurgia<\/strong>, Universitat de Barcelona, 1991<br \/>\n<strong>Especialista en Cirurgia Pl\u00e0stica, Est\u00e8tica i Reparadora<\/strong>, Hospital Universitari Vall d&#8217;Hebron, 1996<br \/>\n<strong>Fellowship en Cremats<\/strong>, University of Texas (UTMB), USA, 1997-98<br \/>\n<strong>Fellowship en Cirurgia Pl\u00e0stica<\/strong>, University of Texas (UTMB), USA, 1998-99<br \/>\n<strong>M\u00e0ster en Recerca Cl\u00ednica<\/strong>, University of Texas, USA, 1999<br \/>\n<strong>Diploma d&#8217;Especialista en Vigil\u00e0ncia intensiva<\/strong>, University of Texas, USA, 1999<br \/>\n<strong>Doctor en Medicina i Cirurgia<\/strong>, Rijkuniversiteit Gronigen, Pa\u00efsos Baixos, 2002<\/p>\n<h3>Activitat acad\u00e8mica:<\/h3>\n<p><strong>Professor Associat de Cirurgia Pl\u00e0stica<\/strong>, Universitat de Groningen, Groningen, Pa\u00efsos Baixos, 1999-2002<br \/>\n<strong>Professor Associat de Cirurgia Pl\u00e0stica<\/strong>, University of London, Barts and the London, London, UK, 2002-2004<br \/>\n<strong>Professor de Cirurgia Pl\u00e0stica i Director de l&#8217;assignatura de Cirurgia Pl\u00e0stica<\/strong>, Universitat Aut\u00f2noma de Barcelona, Barcelona, Espanya, 2005 &#8211; present<br \/>\n<strong>Catedr\u00e0tic de Cirurgia<\/strong> per l&#8217;AQU<br \/>\n<strong>Director de nombroses tesis doctorals<\/strong><\/p>\n<h3>Col\u00b7laboracions amb societats i revistes cient\u00edfiques:<\/h3>\n<p>President de European Burn Association (EBA)<br \/>\nSecretari General d&#8217;Euro-Mediterranian Burn Council (MBC)<br \/>\nPresident del Comit\u00e8 d&#8217;avaluaci\u00f3 de nous membres, EURAPS, 2009-2012<br \/>\nVocal del Comit\u00e8 de Formaci\u00f3 M\u00e8dica Continuada del Consell Catal\u00e0 de formaci\u00f3 continuada dels professions sanit\u00e0ries, 2006-2009<br \/>\nVocal del Comit\u00e8 per a Recerca i Innovaci\u00f3, Institut de Recerca Vall d&#8217;Hebron (VHIR)<br \/>\nEditor Associat, BURNS (Elsevier Journal, Current IF 1.7)<br \/>\nEditor adjunt, International Journal of Surgery<br \/>\nEditor executiu associat, Annals of Burns and Fire Disaster<br \/>\nReviewer, Journal for Plastic, Reconstructive and Aesthetic Surgery (JPRAS)<br \/>\nReviewer, Critical Care Medicine<br \/>\nReviewer, The Lancet[\/vc_column_text][\/vc_column][vc_column width=&#8221;1\/3&#8243;][vc_empty_space height=&#8221;62px&#8221;][vc_wp_custommenu nav_menu=&#8221;25&#8243; el_class=&#8221;menu_doctorbarret&#8221;][\/vc_column][\/vc_row][vc_row fullwidth=&#8221;true&#8221; fullwidth_content=&#8221;false&#8221; css=&#8221;.vc_custom_1497347394867{border-top-width: 1px !important;padding-top: 50px !important;padding-bottom: 50px !important;border-top-color: #333333 !important;border-top-style: solid !important;}&#8221;][vc_column][vc_column_text disable_pattern=&#8221;false&#8221; align=&#8221;center&#8221; el_class=&#8221;tratamiento-cita&#8221; css=&#8221;.vc_custom_1562834094194{margin-bottom: 0px !important;}&#8221;]\n<h2 style=\"text-align: center;\">&#8220;Si tingu\u00e9s temps per a dedicar-me a una altra cosa, m&#8217;agradaria ser estudiant&#8230; absorbir coneixements, tenir la ment sempre oberta, de les coses m\u00e9s petites podem sempre aprendre alguna cosa&#8221;<\/h2>\n[\/vc_column_text][\/vc_column][\/vc_row]\n<\/div>","protected":false},"excerpt":{"rendered":"<p>[vc_row][vc_column][mk_revslider id=&#8221;doctor-barret&#8221;][\/vc_column][\/vc_row][vc_row css=&#8221;.vc_custom_1504191590968{padding-top: 50px !important;}&#8221; el_class=&#8221;menu_doctorbarret&#8221;][vc_column width=&#8221;2\/3&#8243;][vc_row_inner][vc_column_inner css=&#8221;.vc_custom_1497342988523{margin-left: 0px !important;padding-left: 0px !important;}&#8221;][vc_column_text disable_pattern=&#8221;false&#8221; el_class=&#8221;dr-color1 tratamiento-tit-rema&#8221; css=&#8221;.vc_custom_1562833345624{margin-bottom: 0px !important;}&#8221;] Activitat professional [\/vc_column_text][vc_column_text disable_pattern=&#8221;false&#8221; css=&#8221;.vc_custom_1562833671629{margin-bottom: 0px !important;}&#8221;] Posici\u00f3 actual: Cap de Servei del Departament de Cirurgia Pl\u00e0stica i Cremats Director de la Unitat de Cremats Director del Programa de Trasplantament de cara i m\u00e0 Hospital Universitari Vall [&hellip;]<\/p>\n","protected":false},"author":1,"featured_media":0,"parent":4563,"menu_order":31,"comment_status":"closed","ping_status":"closed","template":"","meta":{"_joinchat":[],"footnotes":""},"class_list":["post-4615","page","type-page","status-publish","hentry"],"yoast_head":"<!-- This site is optimized with the Yoast SEO plugin v27.3 - https:\/\/yoast.com\/product\/yoast-seo-wordpress\/ -->\n<title>Activitat professional i acad\u00e8mica - WordPress<\/title>\n<meta name=\"description\" content=\"Activitat professional i acad\u00e8mica del Doctor Barret\" \/>\n<meta name=\"robots\" content=\"index, follow, max-snippet:-1, max-image-preview:large, max-video-preview:-1\" \/>\n<link rel=\"canonical\" href=\"https:\/\/www.doctorbarret.com\/ca\/dr-barret\/activitat-professional-i-academica\/\" \/>\n<meta property=\"og:locale\" content=\"ca_ES\" \/>\n<meta property=\"og:type\" content=\"article\" \/>\n<meta property=\"og:title\" content=\"Activitat professional i acad\u00e8mica - WordPress\" \/>\n<meta property=\"og:description\" content=\"Activitat professional i acad\u00e8mica del Doctor Barret\" \/>\n<meta property=\"og:url\" content=\"https:\/\/www.doctorbarret.com\/ca\/dr-barret\/activitat-professional-i-academica\/\" \/>\n<meta property=\"og:site_name\" content=\"WordPress\" \/>\n<meta property=\"article:modified_time\" content=\"2022-11-09T09:18:10+00:00\" \/>\n<meta name=\"twitter:card\" content=\"summary_large_image\" \/>\n<meta name=\"twitter:label1\" content=\"Est. reading time\" \/>\n\t<meta name=\"twitter:data1\" content=\"4 minutes\" \/>\n<script type=\"application\/ld+json\" class=\"yoast-schema-graph\">{\"@context\":\"https:\\\/\\\/schema.org\",\"@graph\":[{\"@type\":\"WebPage\",\"@id\":\"https:\\\/\\\/www.doctorbarret.com\\\/ca\\\/dr-barret\\\/activitat-professional-i-academica\\\/\",\"url\":\"https:\\\/\\\/www.doctorbarret.com\\\/ca\\\/dr-barret\\\/activitat-professional-i-academica\\\/\",\"name\":\"Activitat professional i acad\u00e8mica - WordPress\",\"isPartOf\":{\"@id\":\"https:\\\/\\\/www.doctorbarret.com\\\/ca\\\/#website\"},\"datePublished\":\"2019-07-11T08:35:00+00:00\",\"dateModified\":\"2022-11-09T09:18:10+00:00\",\"description\":\"Activitat professional i acad\u00e8mica del Doctor Barret\",\"breadcrumb\":{\"@id\":\"https:\\\/\\\/www.doctorbarret.com\\\/ca\\\/dr-barret\\\/activitat-professional-i-academica\\\/#breadcrumb\"},\"inLanguage\":\"ca-ES\",\"potentialAction\":[{\"@type\":\"ReadAction\",\"target\":[\"https:\\\/\\\/www.doctorbarret.com\\\/ca\\\/dr-barret\\\/activitat-professional-i-academica\\\/\"]}]},{\"@type\":\"BreadcrumbList\",\"@id\":\"https:\\\/\\\/www.doctorbarret.com\\\/ca\\\/dr-barret\\\/activitat-professional-i-academica\\\/#breadcrumb\",\"itemListElement\":[{\"@type\":\"ListItem\",\"position\":1,\"name\":\"Home\",\"item\":\"http:\\\/\\\/www.doctorbarret.com\\\/ca\\\/\"},{\"@type\":\"ListItem\",\"position\":2,\"name\":\"Dr. Barret\",\"item\":\"https:\\\/\\\/www.doctorbarret.com\\\/ca\\\/dr-barret\\\/\"},{\"@type\":\"ListItem\",\"position\":3,\"name\":\"Activitat professional i acad\u00e8mica\"}]},{\"@type\":\"WebSite\",\"@id\":\"https:\\\/\\\/www.doctorbarret.com\\\/ca\\\/#website\",\"url\":\"https:\\\/\\\/www.doctorbarret.com\\\/ca\\\/\",\"name\":\"WordPress\",\"description\":\"Just another WordPress site\",\"publisher\":{\"@id\":\"https:\\\/\\\/www.doctorbarret.com\\\/ca\\\/#organization\"},\"potentialAction\":[{\"@type\":\"SearchAction\",\"target\":{\"@type\":\"EntryPoint\",\"urlTemplate\":\"https:\\\/\\\/www.doctorbarret.com\\\/ca\\\/?s={search_term_string}\"},\"query-input\":{\"@type\":\"PropertyValueSpecification\",\"valueRequired\":true,\"valueName\":\"search_term_string\"}}],\"inLanguage\":\"ca-ES\"},{\"@type\":\"Organization\",\"@id\":\"https:\\\/\\\/www.doctorbarret.com\\\/ca\\\/#organization\",\"name\":\"Dr.Joan-Pere Barret\",\"url\":\"https:\\\/\\\/www.doctorbarret.com\\\/ca\\\/\",\"logo\":{\"@type\":\"ImageObject\",\"inLanguage\":\"ca-ES\",\"@id\":\"https:\\\/\\\/www.doctorbarret.com\\\/ca\\\/#\\\/schema\\\/logo\\\/image\\\/\",\"url\":\"https:\\\/\\\/www.doctorbarret.com\\\/wp-content\\\/uploads\\\/2017\\\/04\\\/Logo-Doctor-Barret-web-completo-castellano_AAFF.png\",\"contentUrl\":\"https:\\\/\\\/www.doctorbarret.com\\\/wp-content\\\/uploads\\\/2017\\\/04\\\/Logo-Doctor-Barret-web-completo-castellano_AAFF.png\",\"width\":2480,\"height\":3508,\"caption\":\"Dr.Joan-Pere Barret\"},\"image\":{\"@id\":\"https:\\\/\\\/www.doctorbarret.com\\\/ca\\\/#\\\/schema\\\/logo\\\/image\\\/\"}}]}<\/script>\n<!-- \/ Yoast SEO plugin. -->","yoast_head_json":{"title":"Activitat professional i acad\u00e8mica - WordPress","description":"Activitat professional i acad\u00e8mica del Doctor Barret","robots":{"index":"index","follow":"follow","max-snippet":"max-snippet:-1","max-image-preview":"max-image-preview:large","max-video-preview":"max-video-preview:-1"},"canonical":"https:\/\/www.doctorbarret.com\/ca\/dr-barret\/activitat-professional-i-academica\/","og_locale":"ca_ES","og_type":"article","og_title":"Activitat professional i acad\u00e8mica - WordPress","og_description":"Activitat professional i acad\u00e8mica del Doctor Barret","og_url":"https:\/\/www.doctorbarret.com\/ca\/dr-barret\/activitat-professional-i-academica\/","og_site_name":"WordPress","article_modified_time":"2022-11-09T09:18:10+00:00","twitter_card":"summary_large_image","twitter_misc":{"Est. reading time":"4 minutes"},"schema":{"@context":"https:\/\/schema.org","@graph":[{"@type":"WebPage","@id":"https:\/\/www.doctorbarret.com\/ca\/dr-barret\/activitat-professional-i-academica\/","url":"https:\/\/www.doctorbarret.com\/ca\/dr-barret\/activitat-professional-i-academica\/","name":"Activitat professional i acad\u00e8mica - WordPress","isPartOf":{"@id":"https:\/\/www.doctorbarret.com\/ca\/#website"},"datePublished":"2019-07-11T08:35:00+00:00","dateModified":"2022-11-09T09:18:10+00:00","description":"Activitat professional i acad\u00e8mica del Doctor Barret","breadcrumb":{"@id":"https:\/\/www.doctorbarret.com\/ca\/dr-barret\/activitat-professional-i-academica\/#breadcrumb"},"inLanguage":"ca-ES","potentialAction":[{"@type":"ReadAction","target":["https:\/\/www.doctorbarret.com\/ca\/dr-barret\/activitat-professional-i-academica\/"]}]},{"@type":"BreadcrumbList","@id":"https:\/\/www.doctorbarret.com\/ca\/dr-barret\/activitat-professional-i-academica\/#breadcrumb","itemListElement":[{"@type":"ListItem","position":1,"name":"Home","item":"http:\/\/www.doctorbarret.com\/ca\/"},{"@type":"ListItem","position":2,"name":"Dr. Barret","item":"https:\/\/www.doctorbarret.com\/ca\/dr-barret\/"},{"@type":"ListItem","position":3,"name":"Activitat professional i acad\u00e8mica"}]},{"@type":"WebSite","@id":"https:\/\/www.doctorbarret.com\/ca\/#website","url":"https:\/\/www.doctorbarret.com\/ca\/","name":"WordPress","description":"Just another WordPress site","publisher":{"@id":"https:\/\/www.doctorbarret.com\/ca\/#organization"},"potentialAction":[{"@type":"SearchAction","target":{"@type":"EntryPoint","urlTemplate":"https:\/\/www.doctorbarret.com\/ca\/?s={search_term_string}"},"query-input":{"@type":"PropertyValueSpecification","valueRequired":true,"valueName":"search_term_string"}}],"inLanguage":"ca-ES"},{"@type":"Organization","@id":"https:\/\/www.doctorbarret.com\/ca\/#organization","name":"Dr.Joan-Pere Barret","url":"https:\/\/www.doctorbarret.com\/ca\/","logo":{"@type":"ImageObject","inLanguage":"ca-ES","@id":"https:\/\/www.doctorbarret.com\/ca\/#\/schema\/logo\/image\/","url":"https:\/\/www.doctorbarret.com\/wp-content\/uploads\/2017\/04\/Logo-Doctor-Barret-web-completo-castellano_AAFF.png","contentUrl":"https:\/\/www.doctorbarret.com\/wp-content\/uploads\/2017\/04\/Logo-Doctor-Barret-web-completo-castellano_AAFF.png","width":2480,"height":3508,"caption":"Dr.Joan-Pere Barret"},"image":{"@id":"https:\/\/www.doctorbarret.com\/ca\/#\/schema\/logo\/image\/"}}]}},"_links":{"self":[{"href":"https:\/\/www.doctorbarret.com\/ca\/wp-json\/wp\/v2\/pages\/4615","targetHints":{"allow":["GET"]}}],"collection":[{"href":"https:\/\/www.doctorbarret.com\/ca\/wp-json\/wp\/v2\/pages"}],"about":[{"href":"https:\/\/www.doctorbarret.com\/ca\/wp-json\/wp\/v2\/types\/page"}],"author":[{"embeddable":true,"href":"https:\/\/www.doctorbarret.com\/ca\/wp-json\/wp\/v2\/users\/1"}],"replies":[{"embeddable":true,"href":"https:\/\/www.doctorbarret.com\/ca\/wp-json\/wp\/v2\/comments?post=4615"}],"version-history":[{"count":0,"href":"https:\/\/www.doctorbarret.com\/ca\/wp-json\/wp\/v2\/pages\/4615\/revisions"}],"up":[{"embeddable":true,"href":"https:\/\/www.doctorbarret.com\/ca\/wp-json\/wp\/v2\/pages\/4563"}],"wp:attachment":[{"href":"https:\/\/www.doctorbarret.com\/ca\/wp-json\/wp\/v2\/media?parent=4615"}],"curies":[{"name":"wp","href":"https:\/\/api.w.org\/{rel}","templated":true}]}}