{"id":9212,"date":"2022-04-11T10:09:33","date_gmt":"2022-04-11T08:09:33","guid":{"rendered":"https:\/\/www.doctorbarret.com\/?page_id=9212"},"modified":"2025-10-15T10:04:58","modified_gmt":"2025-10-15T10:04:58","slug":"sarc-serum-autoleg-ric-en-citocines","status":"publish","type":"page","link":"https:\/\/www.doctorbarret.com\/ca\/medicina-estetica\/sarc-serum-autoleg-ric-en-citocines\/","title":{"rendered":"SARC &#8211; S\u00e8rum Aut\u00f2leg Ric en Citocines"},"content":{"rendered":"<div class=\"wpb-content-wrapper\">[vc_row el_class=&#8221;row_cir1&#8243;][vc_column][vc_empty_space height=&#8221;100px&#8221;][\/vc_column][\/vc_row][vc_row css=&#8221;.vc_custom_1497342261690{padding-top: 50px !important;}&#8221;][vc_column width=&#8221;2\/3&#8243;][vc_row_inner][vc_column_inner width=&#8221;1\/2&#8243; css=&#8221;.vc_custom_1497342988523{margin-left: 0px !important;padding-left: 0px !important;}&#8221;][vc_column_text disable_pattern=&#8221;false&#8221; el_class=&#8221;dr-color1 tratamiento-tit-rema&#8221; css=&#8221;.vc_custom_1646302171393{margin-bottom: 0px !important;}&#8221;]\n<h1>SARC &#8211; S\u00e8rum Aut\u00f2leg Ric en Citocines<\/h1>\n[\/vc_column_text][vc_column_text disable_pattern=&#8221;false&#8221; css=&#8221;.vc_custom_1646927513687{margin-bottom: 0px !important;}&#8221;]\n<p style=\"text-align: justify;\">\u00c9s una t\u00e8cnica de <strong>medicina regenerativa<\/strong> molt nova que va un pas m\u00e9s enll\u00e0 del PRP (Plasma ric en plaquetes). Es podria dir que a nivell cel\u00b7lular est\u00e0 a mig cam\u00ed entre la t\u00e8cnica del <strong>PRP<\/strong>i el <strong>tractament amb c\u00e8l\u00b7lules mare adultes mesenquimals.<\/strong><\/p>\n<p style=\"text-align: justify;\">A partir de la pr\u00f2pia sang del pacient i a trav\u00e9s d&#8217;un <strong>proc\u00e9s de bioenginyeria<\/strong> patentat s&#8217;obtenen les <strong>citocines<\/strong>, que s&#8217;han convertit en la medicina del futur.<\/p>\n[\/vc_column_text][\/vc_column_inner][vc_column_inner width=&#8221;1\/2&#8243;][vc_single_image image=&#8221;9087&#8243; img_size=&#8221;full&#8221; alignment=&#8221;center&#8221;][\/vc_column_inner][\/vc_row_inner][vc_column_text disable_pattern=&#8221;false&#8221; css=&#8221;.vc_custom_1646927518316{margin-bottom: 0px !important;}&#8221;]\n<p style=\"text-align: justify;\">Les <strong>citocines<\/strong>s\u00f3n petites mol\u00e8cules de prote\u00efnes alliberades per les c\u00e8l\u00b7lules de la sang i les plaquetes, que actuen de manera din\u00e0mica i intel\u00b7ligent com a <strong>factors de creixement epid\u00e8rmic.<\/strong> Intervenen en el proc\u00e9s de <strong>regeneraci\u00f3 de la pell<\/strong> equilibrant i optimitzant la seva qualitat. <strong>Estimulen la producci\u00f3 de col\u00b7lagen i elastina<\/strong>, i tamb\u00e9 <strong>regulen el sistema immunol\u00f2gic.<\/strong><\/p>\n[\/vc_column_text][\/vc_column][vc_column width=&#8221;1\/3&#8243;][vc_widget_sidebar sidebar_id=&#8221;sidebar-1&#8243;][\/vc_column][\/vc_row][vc_row fullwidth=&#8221;true&#8221; fullwidth_content=&#8221;false&#8221; css=&#8221;.vc_custom_1646301304053{margin-top: 60px !important;padding-top: 80px !important;padding-bottom: 60px !important;background-color: #ededed !important;}&#8221;][vc_column width=&#8221;1\/2&#8243;][vc_column_text disable_pattern=&#8221;false&#8221; el_class=&#8221;tit-form-tratamiento&#8221; css=&#8221;.vc_custom_1646302294923{margin-bottom: 0px !important;}&#8221;]\n<h3>Funcions<\/h3>\n[\/vc_column_text][mk_custom_list icon_color=&#8221;#81d742&#8243; el_class=&#8221;font-ulight&#8221;]\n<ul>\n<li><strong>Reparadora<\/strong>: les citocines detecten les alteracions de les c\u00e8l\u00b7lules de col\u00b7lagen i elastina substituint les c\u00e8l\u00b7lules deteriorades per noves c\u00e8l\u00b7lules. S&#8217;utilitza en cicatrius posttraum\u00e0tiques o post quir\u00fargiques amb la finalitat d&#8217;afavorir la cicatritzaci\u00f3 i fer-la menys visible.<\/li>\n<li><strong>Reepitelitzant<\/strong>: afavoreixen la renovaci\u00f3 cel\u00b7lular. Controlen el dany tissular i disminueixen la formaci\u00f3 d&#8217;arrugues.<\/li>\n<li><strong>Autodefensa<\/strong>: estimulen i regulen el sistema immunol\u00f2gic. Regulen la inflamaci\u00f3.<\/li>\n<\/ul>\n[\/mk_custom_list][\/vc_column][vc_column width=&#8221;1\/2&#8243;][vc_column_text disable_pattern=&#8221;false&#8221; el_class=&#8221;tit-form-tratamiento&#8221;]\n<h3>Beneficis<\/h3>\n[\/vc_column_text][mk_custom_list icon_color=&#8221;#81d742&#8243; el_class=&#8221;font-ulight&#8221;]\n<ul>\n<li>Prolonga la joventut de la pell<\/li>\n<li>Millora l&#8217;elasticitat de la pell<\/li>\n<li>Redueix les petites arrugues<\/li>\n<li>Millora la qualitat de la pell donant un aspecte m\u00e9s jove i amb pell m\u00e9s llisa<\/li>\n<li>Redueix les cicatrius postraum\u00e0tiques o postquir\u00fargiques<\/li>\n<li>Redueix la caiguda del cabell i pot\u00e8ncia la regeneraci\u00f3 capil\u00b7lar<\/li>\n<\/ul>\n[\/mk_custom_list][\/vc_column][\/vc_row][vc_row css=&#8221;.vc_custom_1646301233974{padding-top: 50px !important;}&#8221;][vc_column][vc_column_text disable_pattern=&#8221;false&#8221; el_class=&#8221;tit-form-tratamiento&#8221;]\n<h3>Demana una primera valoraci\u00f3 al Dr. Joan Pere Barret<\/h3>\n[\/vc_column_text][vc_separator color=&#8221;custom&#8221; align=&#8221;align_left&#8221; el_width=&#8221;70&#8243; accent_color=&#8221;#444444&#8243;][\/vc_column][\/vc_row][vc_row][vc_column][vc_column_text css=&#8221;.vc_custom_1747765798287{margin-bottom: 0px !important;}&#8221;]<div class='fluentform ff-default fluentform_wrapper_5 ffs_custom_wrap'><form data-form_id=\"5\" id=\"fluentform_5\" class=\"frm-fluent-form fluent_form_5 ff-el-form-top ff_form_instance_5_1 ff-form-loading ffs_custom\" data-form_instance=\"ff_form_instance_5_1\" method=\"POST\" ><fieldset  style=\"border: none!important;margin: 0!important;padding: 0!important;background-color: transparent!important;box-shadow: none!important;outline: none!important; min-inline-size: 100%;\">\n                    <legend class=\"ff_screen_reader_title\" style=\"display: block; margin: 0!important;padding: 0!important;height: 0!important;text-indent: -999999px;width: 0!important;overflow:hidden;\">Contacto CA<\/legend><input type='hidden' name='__fluent_form_embded_post_id' value='9212' \/><input type=\"hidden\" id=\"_fluentform_5_fluentformnonce\" name=\"_fluentform_5_fluentformnonce\" value=\"36c66d62a1\" \/><input type=\"hidden\" name=\"_wp_http_referer\" value=\"\/ca\/wp-json\/wp\/v2\/pages\/9212\" \/><div data-name=\"ff_cn_id_1\"  class='ff-t-container ff-column-container ff_columns_total_2 '><div class='ff-t-cell ff-t-column-1' style='flex-basis: 50%;'><div data-type=\"name-element\" data-name=\"names\" class=\" ff-field_container ff-name-field-wrapper\" ><div class='ff-t-container'><div class='ff-t-cell '><div class='ff-el-group ff-el-form-top'><div class=\"ff-el-input--label ff-el-is-required asterisk-right\"><label for='ff_5_names_first_name_' id='label_ff_5_names_first_name_' >Nom<\/label><\/div><div class='ff-el-input--content'><input type=\"text\" name=\"names[first_name]\" id=\"ff_5_names_first_name_\" class=\"ff-el-form-control\" aria-invalid=\"false\" aria-required=true><\/div><\/div><\/div><\/div><\/div><div class='ff-el-group'><div class=\"ff-el-input--label ff-el-is-required asterisk-right\"><label for='ff_5_description' id='label_ff_5_description' aria-label=\"Missatge\">Missatge<\/label><\/div><div class='ff-el-input--content'><textarea aria-required=\"true\" aria-labelledby=\"label_ff_5_description\" name=\"description\" id=\"ff_5_description\" class=\"ff-el-form-control\" rows=\"3\" cols=\"2\" data-name=\"description\" ><\/textarea><\/div><\/div><\/div><div class='ff-t-cell ff-t-column-2' style='flex-basis: 50%;'><div class='ff-el-group'><div class=\"ff-el-input--label ff-el-is-required asterisk-right\"><label for='ff_5_email' id='label_ff_5_email' aria-label=\"Correu electr\u00f2nic\">Correu electr\u00f2nic<\/label><\/div><div class='ff-el-input--content'><input type=\"email\" name=\"email\" id=\"ff_5_email\" class=\"ff-el-form-control\" data-name=\"email\"  aria-invalid=\"false\" aria-required=true><\/div><\/div><div class='ff-el-group'><div class=\"ff-el-input--label ff-el-is-required asterisk-right\"><label for='ff_5_input_text' id='label_ff_5_input_text' aria-label=\"Tel\u00e8fon\">Tel\u00e8fon<\/label><\/div><div class='ff-el-input--content'><input type=\"text\" name=\"input_text\" class=\"ff-el-form-control\" data-name=\"input_text\" id=\"ff_5_input_text\"  aria-invalid=\"false\" aria-required=true><\/div><\/div><\/div><\/div><div data-name=\"ff_cn_id_2\"  class='ff-t-container ff-column-container ff_columns_total_2 '><div class='ff-t-cell ff-t-column-1' style='flex-basis: 50%;'><div class='ff-el-group  ff-custom_html' tabindex='-1' data-name=\"custom_html-5_1\" ><p><strong>Informaci\u00f3 b\u00e0sica de protecci\u00f3 de dades<\/strong><br \/><strong>Responsable<\/strong>: BJ Cirug\u00eda Reparadora SLP<br \/><strong>Finalitat<\/strong>:\u00a0Atendre la vostra sol\u00b7licitud i contactar-vos per oferir-vos la informaci\u00f3 sol\u00b7licitada.<br \/><strong>Drets<\/strong>:\u00a0A accedir, rectificar i suprimir les vostres dades, aix\u00ed com altres drets detallats a la informaci\u00f3 addicional .<br \/>+ info:\u00a0Pots trobar informaci\u00f3 m\u00e9s detallada a la nostra\u00a0<a title=\"Pol\u00edtica de Privadesa\" href=\"https:\/\/www.doctorbarret.com\/ca\/politica-privacitat\/\" target=\"_blank\" rel=\"noopener\">Pol\u00edtica de Privadesa<\/a>.<\/p><\/div><div class='ff-el-group    ff-el-input--content'><div class='ff-el-form-check ff-el-tc'><label aria-label='Terms and Conditions: He llegit i accepto la pol\u00edtica de privadesa. Contains 1 link. Use tab navigation to review.' class='ff-el-form-check-label ff_tc_label' for=gdpr-agreement_050c579c6cc01df98a01006b647fa6e6><span class='ff_tc_checkbox'><input type=\"checkbox\" name=\"gdpr-agreement\" class=\"ff-el-form-check-input ff_gdpr_field\" data-name=\"gdpr-agreement\" id=\"gdpr-agreement_050c579c6cc01df98a01006b647fa6e6\"  value='on' aria-invalid='false' aria-required=true><\/span> <div class='ff_t_c'>He llegit i accepto la <a href=\"https:\/\/www.doctorbarret.com\/ca\/politica-privacitat\/\" rel=\"noopener\" target=\"_blank\">pol\u00edtica de privadesa<\/a>.<\/div><\/label><\/div><\/div><div class='ff-el-group ff-text-left ff_submit_btn_wrapper ff_submit_btn_wrapper_custom'><button class=\"ff-btn ff-btn-submit ff-btn-md ff_btn_style wpf_has_custom_css\" type=\"submit\" name=\"custom_submit_button-5_2\" data-name=\"custom_submit_button-5_2\"  aria-label=\"Enviar\">Enviar<\/button><style>form.fluent_form_5 .wpf_has_custom_css.ff-btn-submit { background-color:rgba(0, 0, 0, 1);border-color:rgba(0, 0, 0, 1);color:#ffffff;min-width:100%; }form.fluent_form_5 .wpf_has_custom_css.ff-btn-submit:hover { background-color:#ffffff;border-color:#1a7efb;color:#1a7efb;min-width:100%; } <\/style><\/div><\/div><div class='ff-t-cell ff-t-column-2' style='flex-basis: 50%;'><\/div><\/div><\/fieldset><\/form><div id='fluentform_5_errors' class='ff-errors-in-stack ff_form_instance_5_1 ff-form-loading_errors ff_form_instance_5_1_errors'><\/div><\/div>            <script type=\"text\/javascript\">\n                window.fluent_form_ff_form_instance_5_1 = {\"id\":\"5\",\"settings\":{\"layout\":{\"labelPlacement\":\"top\",\"asteriskPlacement\":\"asterisk-right\",\"helpMessagePlacement\":\"with_label\",\"errorMessagePlacement\":\"inline\",\"cssClassName\":\"\"},\"restrictions\":{\"denyEmptySubmission\":{\"enabled\":false}}},\"form_instance\":\"ff_form_instance_5_1\",\"form_id_selector\":\"fluentform_5\",\"rules\":{\"names[first_name]\":{\"required\":{\"value\":true,\"message\":\"This field is required\",\"global_message\":\"This field is required\",\"global\":true}},\"names[middle_name]\":{\"required\":{\"value\":false,\"message\":\"This field is required\",\"global_message\":\"This field is required\",\"global\":true}},\"names[last_name]\":{\"required\":{\"value\":false,\"message\":\"This field is required\",\"global_message\":\"This field is required\",\"global\":true}},\"description\":{\"required\":{\"value\":true,\"message\":\"This field is required\",\"global_message\":\"This field is required\",\"global\":true}},\"email\":{\"required\":{\"value\":true,\"message\":\"This field is required\",\"global_message\":\"This field is required\",\"global\":true},\"email\":{\"value\":true,\"message\":\"This field must contain a valid email\",\"global_message\":\"This field must contain a valid email\",\"global\":true}},\"input_text\":{\"required\":{\"value\":true,\"message\":\"This field is required\",\"global_message\":\"This field is required\",\"global\":true}},\"gdpr-agreement\":{\"required\":{\"value\":true,\"message\":\"This field is required\",\"global_message\":\"This field is required\",\"global\":true}}},\"debounce_time\":300};\n                            <\/script>\n            [\/vc_column_text][\/vc_column][\/vc_row]\n<\/div>","protected":false},"excerpt":{"rendered":"<p>[vc_row el_class=&#8221;row_cir1&#8243;][vc_column][vc_empty_space height=&#8221;100px&#8221;][\/vc_column][\/vc_row][vc_row css=&#8221;.vc_custom_1497342261690{padding-top: 50px !important;}&#8221;][vc_column width=&#8221;2\/3&#8243;][vc_row_inner][vc_column_inner width=&#8221;1\/2&#8243; css=&#8221;.vc_custom_1497342988523{margin-left: 0px !important;padding-left: 0px !important;}&#8221;][vc_column_text disable_pattern=&#8221;false&#8221; el_class=&#8221;dr-color1 tratamiento-tit-rema&#8221; css=&#8221;.vc_custom_1646302171393{margin-bottom: 0px !important;}&#8221;] SARC &#8211; S\u00e8rum Aut\u00f2leg Ric en Citocines [\/vc_column_text][vc_column_text disable_pattern=&#8221;false&#8221; css=&#8221;.vc_custom_1646927513687{margin-bottom: 0px !important;}&#8221;] \u00c9s una t\u00e8cnica de medicina regenerativa molt nova que va un pas m\u00e9s enll\u00e0 del PRP (Plasma ric en plaquetes). Es podria dir que [&hellip;]<\/p>\n","protected":false},"author":2,"featured_media":0,"parent":8973,"menu_order":3,"comment_status":"closed","ping_status":"closed","template":"","meta":{"_joinchat":[],"footnotes":""},"class_list":["post-9212","page","type-page","status-publish","hentry"],"yoast_head":"<!-- This site is optimized with the Yoast SEO plugin v27.3 - https:\/\/yoast.com\/product\/yoast-seo-wordpress\/ -->\n<title>SARC \u2013 S\u00e8rum Aut\u00f2leg Ric en Citocines | Dr.Joan Pere Barret<\/title>\n<meta name=\"description\" content=\"Descobreix el SARC, el m\u00e8tode m\u00e9s innovador de Medicina Est\u00e8tica per rejuvenir i reafirmar la pell. Amb el Dr. Barret\" \/>\n<meta name=\"robots\" content=\"index, follow, max-snippet:-1, max-image-preview:large, max-video-preview:-1\" \/>\n<link rel=\"canonical\" href=\"https:\/\/www.doctorbarret.com\/ca\/medicina-estetica\/sarc-serum-autoleg-ric-en-citocines\/\" \/>\n<meta property=\"og:locale\" content=\"ca_ES\" \/>\n<meta property=\"og:type\" content=\"article\" \/>\n<meta property=\"og:title\" content=\"SARC \u2013 S\u00e8rum Aut\u00f2leg Ric en Citocines | Dr.Joan Pere Barret\" \/>\n<meta property=\"og:description\" content=\"Descobreix el SARC, el m\u00e8tode m\u00e9s innovador de Medicina Est\u00e8tica per rejuvenir i reafirmar la pell. Amb el Dr. Barret\" \/>\n<meta property=\"og:url\" content=\"https:\/\/www.doctorbarret.com\/ca\/medicina-estetica\/sarc-serum-autoleg-ric-en-citocines\/\" \/>\n<meta property=\"og:site_name\" content=\"WordPress\" \/>\n<meta property=\"article:modified_time\" content=\"2025-10-15T10:04:58+00:00\" \/>\n<meta name=\"twitter:card\" content=\"summary_large_image\" \/>\n<meta name=\"twitter:label1\" content=\"Est. reading time\" \/>\n\t<meta name=\"twitter:data1\" content=\"2 minutes\" \/>\n<script type=\"application\/ld+json\" class=\"yoast-schema-graph\">{\"@context\":\"https:\\\/\\\/schema.org\",\"@graph\":[{\"@type\":\"WebPage\",\"@id\":\"https:\\\/\\\/www.doctorbarret.com\\\/ca\\\/medicina-estetica\\\/sarc-serum-autoleg-ric-en-citocines\\\/\",\"url\":\"https:\\\/\\\/www.doctorbarret.com\\\/ca\\\/medicina-estetica\\\/sarc-serum-autoleg-ric-en-citocines\\\/\",\"name\":\"SARC \u2013 S\u00e8rum Aut\u00f2leg Ric en Citocines | Dr.Joan Pere Barret\",\"isPartOf\":{\"@id\":\"https:\\\/\\\/www.doctorbarret.com\\\/ca\\\/#website\"},\"datePublished\":\"2022-04-11T08:09:33+00:00\",\"dateModified\":\"2025-10-15T10:04:58+00:00\",\"description\":\"Descobreix el SARC, el m\u00e8tode m\u00e9s innovador de Medicina Est\u00e8tica per rejuvenir i reafirmar la pell. Amb el Dr. Barret\",\"breadcrumb\":{\"@id\":\"https:\\\/\\\/www.doctorbarret.com\\\/ca\\\/medicina-estetica\\\/sarc-serum-autoleg-ric-en-citocines\\\/#breadcrumb\"},\"inLanguage\":\"ca-ES\",\"potentialAction\":[{\"@type\":\"ReadAction\",\"target\":[\"https:\\\/\\\/www.doctorbarret.com\\\/ca\\\/medicina-estetica\\\/sarc-serum-autoleg-ric-en-citocines\\\/\"]}]},{\"@type\":\"BreadcrumbList\",\"@id\":\"https:\\\/\\\/www.doctorbarret.com\\\/ca\\\/medicina-estetica\\\/sarc-serum-autoleg-ric-en-citocines\\\/#breadcrumb\",\"itemListElement\":[{\"@type\":\"ListItem\",\"position\":1,\"name\":\"Home\",\"item\":\"http:\\\/\\\/www.doctorbarret.com\\\/ca\\\/\"},{\"@type\":\"ListItem\",\"position\":2,\"name\":\"Medicina Est\u00e8tica\",\"item\":\"https:\\\/\\\/www.doctorbarret.com\\\/ca\\\/medicina-estetica\\\/\"},{\"@type\":\"ListItem\",\"position\":3,\"name\":\"SARC &#8211; S\u00e8rum Aut\u00f2leg Ric en Citocines\"}]},{\"@type\":\"WebSite\",\"@id\":\"https:\\\/\\\/www.doctorbarret.com\\\/ca\\\/#website\",\"url\":\"https:\\\/\\\/www.doctorbarret.com\\\/ca\\\/\",\"name\":\"WordPress\",\"description\":\"Just another WordPress site\",\"publisher\":{\"@id\":\"https:\\\/\\\/www.doctorbarret.com\\\/ca\\\/#organization\"},\"potentialAction\":[{\"@type\":\"SearchAction\",\"target\":{\"@type\":\"EntryPoint\",\"urlTemplate\":\"https:\\\/\\\/www.doctorbarret.com\\\/ca\\\/?s={search_term_string}\"},\"query-input\":{\"@type\":\"PropertyValueSpecification\",\"valueRequired\":true,\"valueName\":\"search_term_string\"}}],\"inLanguage\":\"ca-ES\"},{\"@type\":\"Organization\",\"@id\":\"https:\\\/\\\/www.doctorbarret.com\\\/ca\\\/#organization\",\"name\":\"Dr.Joan-Pere Barret\",\"url\":\"https:\\\/\\\/www.doctorbarret.com\\\/ca\\\/\",\"logo\":{\"@type\":\"ImageObject\",\"inLanguage\":\"ca-ES\",\"@id\":\"https:\\\/\\\/www.doctorbarret.com\\\/ca\\\/#\\\/schema\\\/logo\\\/image\\\/\",\"url\":\"https:\\\/\\\/www.doctorbarret.com\\\/wp-content\\\/uploads\\\/2017\\\/04\\\/Logo-Doctor-Barret-web-completo-castellano_AAFF.png\",\"contentUrl\":\"https:\\\/\\\/www.doctorbarret.com\\\/wp-content\\\/uploads\\\/2017\\\/04\\\/Logo-Doctor-Barret-web-completo-castellano_AAFF.png\",\"width\":2480,\"height\":3508,\"caption\":\"Dr.Joan-Pere Barret\"},\"image\":{\"@id\":\"https:\\\/\\\/www.doctorbarret.com\\\/ca\\\/#\\\/schema\\\/logo\\\/image\\\/\"}}]}<\/script>\n<!-- \/ Yoast SEO plugin. -->","yoast_head_json":{"title":"SARC \u2013 S\u00e8rum Aut\u00f2leg Ric en Citocines | Dr.Joan Pere Barret","description":"Descobreix el SARC, el m\u00e8tode m\u00e9s innovador de Medicina Est\u00e8tica per rejuvenir i reafirmar la pell. Amb el Dr. Barret","robots":{"index":"index","follow":"follow","max-snippet":"max-snippet:-1","max-image-preview":"max-image-preview:large","max-video-preview":"max-video-preview:-1"},"canonical":"https:\/\/www.doctorbarret.com\/ca\/medicina-estetica\/sarc-serum-autoleg-ric-en-citocines\/","og_locale":"ca_ES","og_type":"article","og_title":"SARC \u2013 S\u00e8rum Aut\u00f2leg Ric en Citocines | Dr.Joan Pere Barret","og_description":"Descobreix el SARC, el m\u00e8tode m\u00e9s innovador de Medicina Est\u00e8tica per rejuvenir i reafirmar la pell. Amb el Dr. Barret","og_url":"https:\/\/www.doctorbarret.com\/ca\/medicina-estetica\/sarc-serum-autoleg-ric-en-citocines\/","og_site_name":"WordPress","article_modified_time":"2025-10-15T10:04:58+00:00","twitter_card":"summary_large_image","twitter_misc":{"Est. reading time":"2 minutes"},"schema":{"@context":"https:\/\/schema.org","@graph":[{"@type":"WebPage","@id":"https:\/\/www.doctorbarret.com\/ca\/medicina-estetica\/sarc-serum-autoleg-ric-en-citocines\/","url":"https:\/\/www.doctorbarret.com\/ca\/medicina-estetica\/sarc-serum-autoleg-ric-en-citocines\/","name":"SARC \u2013 S\u00e8rum Aut\u00f2leg Ric en Citocines | Dr.Joan Pere Barret","isPartOf":{"@id":"https:\/\/www.doctorbarret.com\/ca\/#website"},"datePublished":"2022-04-11T08:09:33+00:00","dateModified":"2025-10-15T10:04:58+00:00","description":"Descobreix el SARC, el m\u00e8tode m\u00e9s innovador de Medicina Est\u00e8tica per rejuvenir i reafirmar la pell. Amb el Dr. Barret","breadcrumb":{"@id":"https:\/\/www.doctorbarret.com\/ca\/medicina-estetica\/sarc-serum-autoleg-ric-en-citocines\/#breadcrumb"},"inLanguage":"ca-ES","potentialAction":[{"@type":"ReadAction","target":["https:\/\/www.doctorbarret.com\/ca\/medicina-estetica\/sarc-serum-autoleg-ric-en-citocines\/"]}]},{"@type":"BreadcrumbList","@id":"https:\/\/www.doctorbarret.com\/ca\/medicina-estetica\/sarc-serum-autoleg-ric-en-citocines\/#breadcrumb","itemListElement":[{"@type":"ListItem","position":1,"name":"Home","item":"http:\/\/www.doctorbarret.com\/ca\/"},{"@type":"ListItem","position":2,"name":"Medicina Est\u00e8tica","item":"https:\/\/www.doctorbarret.com\/ca\/medicina-estetica\/"},{"@type":"ListItem","position":3,"name":"SARC &#8211; S\u00e8rum Aut\u00f2leg Ric en Citocines"}]},{"@type":"WebSite","@id":"https:\/\/www.doctorbarret.com\/ca\/#website","url":"https:\/\/www.doctorbarret.com\/ca\/","name":"WordPress","description":"Just another WordPress site","publisher":{"@id":"https:\/\/www.doctorbarret.com\/ca\/#organization"},"potentialAction":[{"@type":"SearchAction","target":{"@type":"EntryPoint","urlTemplate":"https:\/\/www.doctorbarret.com\/ca\/?s={search_term_string}"},"query-input":{"@type":"PropertyValueSpecification","valueRequired":true,"valueName":"search_term_string"}}],"inLanguage":"ca-ES"},{"@type":"Organization","@id":"https:\/\/www.doctorbarret.com\/ca\/#organization","name":"Dr.Joan-Pere Barret","url":"https:\/\/www.doctorbarret.com\/ca\/","logo":{"@type":"ImageObject","inLanguage":"ca-ES","@id":"https:\/\/www.doctorbarret.com\/ca\/#\/schema\/logo\/image\/","url":"https:\/\/www.doctorbarret.com\/wp-content\/uploads\/2017\/04\/Logo-Doctor-Barret-web-completo-castellano_AAFF.png","contentUrl":"https:\/\/www.doctorbarret.com\/wp-content\/uploads\/2017\/04\/Logo-Doctor-Barret-web-completo-castellano_AAFF.png","width":2480,"height":3508,"caption":"Dr.Joan-Pere Barret"},"image":{"@id":"https:\/\/www.doctorbarret.com\/ca\/#\/schema\/logo\/image\/"}}]}},"_links":{"self":[{"href":"https:\/\/www.doctorbarret.com\/ca\/wp-json\/wp\/v2\/pages\/9212","targetHints":{"allow":["GET"]}}],"collection":[{"href":"https:\/\/www.doctorbarret.com\/ca\/wp-json\/wp\/v2\/pages"}],"about":[{"href":"https:\/\/www.doctorbarret.com\/ca\/wp-json\/wp\/v2\/types\/page"}],"author":[{"embeddable":true,"href":"https:\/\/www.doctorbarret.com\/ca\/wp-json\/wp\/v2\/users\/2"}],"replies":[{"embeddable":true,"href":"https:\/\/www.doctorbarret.com\/ca\/wp-json\/wp\/v2\/comments?post=9212"}],"version-history":[{"count":3,"href":"https:\/\/www.doctorbarret.com\/ca\/wp-json\/wp\/v2\/pages\/9212\/revisions"}],"predecessor-version":[{"id":12152,"href":"https:\/\/www.doctorbarret.com\/ca\/wp-json\/wp\/v2\/pages\/9212\/revisions\/12152"}],"up":[{"embeddable":true,"href":"https:\/\/www.doctorbarret.com\/ca\/wp-json\/wp\/v2\/pages\/8973"}],"wp:attachment":[{"href":"https:\/\/www.doctorbarret.com\/ca\/wp-json\/wp\/v2\/media?parent=9212"}],"curies":[{"name":"wp","href":"https:\/\/api.w.org\/{rel}","templated":true}]}}