{"id":2265,"date":"2018-10-23T16:46:58","date_gmt":"2018-10-23T14:46:58","guid":{"rendered":"https:\/\/www.doctorbarret.com\/body-surgery\/gynecomastia\/"},"modified":"2025-05-20T18:12:05","modified_gmt":"2025-05-20T18:12:05","slug":"gynecomastia","status":"publish","type":"page","link":"https:\/\/www.doctorbarret.com\/en\/body-surgery\/gynecomastia\/","title":{"rendered":"Gynecomastia"},"content":{"rendered":"<div class=\"wpb-content-wrapper\">[vc_row el_class=&#8221;row_cir1&#8243;][vc_column][vc_empty_space height=&#8221;100px&#8221;][\/vc_column][\/vc_row][vc_row css=&#8221;.vc_custom_1497342261690{padding-top: 50px !important;}&#8221;][vc_column width=&#8221;2\/3&#8243;][vc_row_inner][vc_column_inner width=&#8221;1\/2&#8243; css=&#8221;.vc_custom_1497342988523{margin-left: 0px !important;padding-left: 0px !important;}&#8221;][vc_column_text disable_pattern=&#8221;false&#8221; el_class=&#8221;dr-color2 tratamiento-tit-rema&#8221; css=&#8221;.vc_custom_1504080285369{margin-bottom: 0px !important;}&#8221;]\n<h1>Gynecomastia<\/h1>\n[\/vc_column_text][vc_column_text disable_pattern=&#8221;false&#8221; css=&#8221;.vc_custom_1541500060001{margin-bottom: 0px !important;}&#8221;]\n<p style=\"text-align: justify;\"><strong>Gynecomastia<\/strong> is a malformation of the male&#8217;s breasts provoked by hypertrophy of the mammary gland, an excess of fat or both.<\/p>\n<p style=\"text-align: justify;\">It can affect one or both breasts.<\/p>\n<p style=\"text-align: justify;\">Surgery to correct gynecomastia consists of the removal of the tissue that causes the problem, with or without liposuction.<\/p>\n[\/vc_column_text][\/vc_column_inner][vc_column_inner width=&#8221;1\/2&#8243;][vc_single_image image=&#8221;1258&#8243; img_size=&#8221;full&#8221; alignment=&#8221;center&#8221;][\/vc_column_inner][\/vc_row_inner][\/vc_column][vc_column width=&#8221;1\/3&#8243;][vc_widget_sidebar sidebar_id=&#8221;sidebar-1&#8243;][\/vc_column][\/vc_row][vc_row css=&#8221;.vc_custom_1497347907981{padding-top: 50px !important;padding-bottom: 50px !important;}&#8221;][vc_column width=&#8221;2\/3&#8243; css=&#8221;.vc_custom_1506681604454{margin-top: 0px !important;}&#8221;][vc_column_text]\n<h3>Take into account<\/h3>\n[\/vc_column_text][mk_table el_class=&#8221;dr-color1&#8243;]\n<table width=\"100%\">\n<tbody>\n<tr>\n<td>Operating room<\/td>\n<td>1-2h<\/td>\n<\/tr>\n<tr>\n<td>Clinic stay<\/td>\n<td>No<\/td>\n<\/tr>\n<tr>\n<td>Anesthesia<\/td>\n<td>Local+sedation<\/td>\n<\/tr>\n<tr>\n<td>Back to work<\/td>\n<td>1-2 weeks<\/td>\n<\/tr>\n<\/tbody>\n<\/table>\n[\/mk_table][\/vc_column][vc_column width=&#8221;1\/3&#8243;][\/vc_column][\/vc_row][vc_row][vc_column width=&#8221;1\/2&#8243;][vc_column_text disable_pattern=&#8221;false&#8221; el_class=&#8221;tit-form-tratamiento&#8221;]\n<h3>Recommended for\u2026<\/h3>\n[\/vc_column_text][mk_custom_list icon_color=&#8221;#81d742&#8243; el_class=&#8221;font-ulight&#8221;]\n<ul>\n<li>Males with breast hypertrophy<\/li>\n<\/ul>\n[\/mk_custom_list][\/vc_column][vc_column width=&#8221;1\/2&#8243;][vc_column_text disable_pattern=&#8221;false&#8221; el_class=&#8221;tit-form-tratamiento&#8221;]\n<h3>Benefits<\/h3>\n[\/vc_column_text][mk_custom_list icon_color=&#8221;#81d742&#8243; el_class=&#8221;font-ulight&#8221;]\n<ul>\n<li>Recovered body image<\/li>\n<li>Improved self-esteem<\/li>\n<\/ul>\n[\/mk_custom_list][\/vc_column][\/vc_row][vc_row css=&#8221;.vc_custom_1497342608600{padding-top: 50px !important;}&#8221;][vc_column][vc_column_text disable_pattern=&#8221;false&#8221; el_class=&#8221;tit-form-tratamiento&#8221;]\n<h3>Request a first assessment from Dr Joan Pere Barret<\/h3>\n[\/vc_column_text][vc_separator color=&#8221;custom&#8221; align=&#8221;align_left&#8221; el_width=&#8221;70&#8243; accent_color=&#8221;#444444&#8243;][\/vc_column][\/vc_row][vc_row][vc_column][vc_column_text css=&#8221;.vc_custom_1747764720895{margin-bottom: 0px !important;}&#8221;]<div class='fluentform ff-default fluentform_wrapper_4 ffs_custom_wrap'><form data-form_id=\"4\" id=\"fluentform_4\" class=\"frm-fluent-form fluent_form_4 ff-el-form-top ff_form_instance_4_1 ff-form-loading ffs_custom\" data-form_instance=\"ff_form_instance_4_1\" method=\"POST\" ><fieldset  style=\"border: none!important;margin: 0!important;padding: 0!important;background-color: transparent!important;box-shadow: none!important;outline: none!important; min-inline-size: 100%;\">\n                    <legend class=\"ff_screen_reader_title\" style=\"display: block; margin: 0!important;padding: 0!important;height: 0!important;text-indent: -999999px;width: 0!important;overflow:hidden;\">Contacto EN<\/legend><input type='hidden' name='__fluent_form_embded_post_id' value='2265' \/><input type=\"hidden\" id=\"_fluentform_4_fluentformnonce\" name=\"_fluentform_4_fluentformnonce\" value=\"019cec142a\" \/><input type=\"hidden\" name=\"_wp_http_referer\" value=\"\/en\/wp-json\/wp\/v2\/pages\/2265\" \/><div data-name=\"ff_cn_id_1\"  class='ff-t-container ff-column-container ff_columns_total_2 '><div class='ff-t-cell ff-t-column-1' style='flex-basis: 50%;'><div data-type=\"name-element\" data-name=\"names\" class=\" ff-field_container ff-name-field-wrapper\" ><div class='ff-t-container'><div class='ff-t-cell '><div class='ff-el-group ff-el-form-top'><div class=\"ff-el-input--label ff-el-is-required asterisk-right\"><label for='ff_4_names_first_name_' id='label_ff_4_names_first_name_' >Name<\/label><\/div><div class='ff-el-input--content'><input type=\"text\" name=\"names[first_name]\" id=\"ff_4_names_first_name_\" class=\"ff-el-form-control\" aria-invalid=\"false\" aria-required=true><\/div><\/div><\/div><\/div><\/div><div class='ff-el-group'><div class=\"ff-el-input--label ff-el-is-required asterisk-right\"><label for='ff_4_description' id='label_ff_4_description' aria-label=\"Message\">Message<\/label><\/div><div class='ff-el-input--content'><textarea aria-required=\"true\" aria-labelledby=\"label_ff_4_description\" name=\"description\" id=\"ff_4_description\" class=\"ff-el-form-control\" rows=\"3\" cols=\"2\" data-name=\"description\" ><\/textarea><\/div><\/div><\/div><div class='ff-t-cell ff-t-column-2' style='flex-basis: 50%;'><div class='ff-el-group'><div class=\"ff-el-input--label ff-el-is-required asterisk-right\"><label for='ff_4_email' id='label_ff_4_email' aria-label=\"Email\">Email<\/label><\/div><div class='ff-el-input--content'><input type=\"email\" name=\"email\" id=\"ff_4_email\" class=\"ff-el-form-control\" data-name=\"email\"  aria-invalid=\"false\" aria-required=true><\/div><\/div><div class='ff-el-group'><div class=\"ff-el-input--label ff-el-is-required asterisk-right\"><label for='ff_4_input_text' id='label_ff_4_input_text' aria-label=\"Phone\">Phone<\/label><\/div><div class='ff-el-input--content'><input type=\"text\" name=\"input_text\" class=\"ff-el-form-control\" data-name=\"input_text\" id=\"ff_4_input_text\"  aria-invalid=\"false\" aria-required=true><\/div><\/div><\/div><\/div><div data-name=\"ff_cn_id_2\"  class='ff-t-container ff-column-container ff_columns_total_2 '><div class='ff-t-cell ff-t-column-1' style='flex-basis: 50%;'><div class='ff-el-group  ff-custom_html' tabindex='-1' data-name=\"custom_html-4_1\" ><p><strong>Basic data protection information<\/strong><br \/><strong>Responsible<\/strong>: BJ Cirug\u00eda Reparadora SLP<br \/><strong>Purpose<\/strong>:\u00a0Respond to your request and contact you to provide the requested information.<br \/><strong>Rights<\/strong>:\u00a0To access, rectify, and delete your data, as well as other rights detailed in the additional information.<br \/>+ info:\u00a0You can find more detailed information in our <a title=\"Pol\u00edtica de Privacidad\" href=\"https:\/\/www.doctorbarret.com\/en\/privacy-policy\/\" target=\"_blank\" rel=\"noopener\">Privacy Policy<\/a>.<\/p><\/div><div class='ff-el-group    ff-el-input--content'><div class='ff-el-form-check ff-el-tc'><label aria-label='Terms and Conditions: I have read and accept the privacy policy. Contains 1 link. Use tab navigation to review.' class='ff-el-form-check-label ff_tc_label' for=gdpr-agreement_10ce6a1683a9fbbd6a8cdcb4913b81cb><span class='ff_tc_checkbox'><input type=\"checkbox\" name=\"gdpr-agreement\" class=\"ff-el-form-check-input ff_gdpr_field\" data-name=\"gdpr-agreement\" id=\"gdpr-agreement_10ce6a1683a9fbbd6a8cdcb4913b81cb\"  value='on' aria-invalid='false' aria-required=true><\/span> <div class='ff_t_c'>I have read and accept the <a href=\"https:\/\/www.doctorbarret.com\/en\/privacy-policy\/\" rel=\"noopener\" target=\"_blank\">privacy policy<\/a>.<\/div><\/label><\/div><\/div><div class='ff-el-group ff-text-left ff_submit_btn_wrapper ff_submit_btn_wrapper_custom'><button class=\"ff-btn ff-btn-submit ff-btn-md ff_btn_style wpf_has_custom_css\" type=\"submit\" name=\"custom_submit_button-4_2\" data-name=\"custom_submit_button-4_2\"  aria-label=\"Send\">Send<\/button><style>form.fluent_form_4 .wpf_has_custom_css.ff-btn-submit { background-color:rgba(0, 0, 0, 1);border-color:rgba(0, 0, 0, 1);color:#ffffff;min-width:100%; }form.fluent_form_4 .wpf_has_custom_css.ff-btn-submit:hover { background-color:#ffffff;border-color:#1a7efb;color:#1a7efb;min-width:100%; } <\/style><\/div><\/div><div class='ff-t-cell ff-t-column-2' style='flex-basis: 50%;'><\/div><\/div><\/fieldset><\/form><div id='fluentform_4_errors' class='ff-errors-in-stack ff_form_instance_4_1 ff-form-loading_errors ff_form_instance_4_1_errors'><\/div><\/div>            <script type=\"text\/javascript\">\n                window.fluent_form_ff_form_instance_4_1 = {\"id\":\"4\",\"settings\":{\"layout\":{\"labelPlacement\":\"top\",\"asteriskPlacement\":\"asterisk-right\",\"helpMessagePlacement\":\"with_label\",\"errorMessagePlacement\":\"inline\",\"cssClassName\":\"\"},\"restrictions\":{\"denyEmptySubmission\":{\"enabled\":false}}},\"form_instance\":\"ff_form_instance_4_1\",\"form_id_selector\":\"fluentform_4\",\"rules\":{\"names[first_name]\":{\"required\":{\"value\":true,\"message\":\"This field is required\",\"global_message\":\"This field is required\",\"global\":true}},\"names[middle_name]\":{\"required\":{\"value\":false,\"message\":\"This field is required\",\"global_message\":\"This field is required\",\"global\":true}},\"names[last_name]\":{\"required\":{\"value\":false,\"message\":\"This field is required\",\"global_message\":\"This field is required\",\"global\":true}},\"description\":{\"required\":{\"value\":true,\"message\":\"This field is required\",\"global_message\":\"This field is required\",\"global\":true}},\"email\":{\"required\":{\"value\":true,\"message\":\"This field is required\",\"global_message\":\"This field is required\",\"global\":true},\"email\":{\"value\":true,\"message\":\"This field must contain a valid email\",\"global_message\":\"This field must contain a valid email\",\"global\":true}},\"input_text\":{\"required\":{\"value\":true,\"message\":\"This field is required\",\"global_message\":\"This field is required\",\"global\":true}},\"gdpr-agreement\":{\"required\":{\"value\":true,\"message\":\"This field is required\",\"global_message\":\"This field is required\",\"global\":true}}},\"debounce_time\":300};\n                            <\/script>\n            [\/vc_column_text][\/vc_column][\/vc_row]\n<\/div>","protected":false},"excerpt":{"rendered":"<p>[vc_row el_class=&#8221;row_cir1&#8243;][vc_column][vc_empty_space height=&#8221;100px&#8221;][\/vc_column][\/vc_row][vc_row css=&#8221;.vc_custom_1497342261690{padding-top: 50px !important;}&#8221;][vc_column width=&#8221;2\/3&#8243;][vc_row_inner][vc_column_inner width=&#8221;1\/2&#8243; css=&#8221;.vc_custom_1497342988523{margin-left: 0px !important;padding-left: 0px !important;}&#8221;][vc_column_text disable_pattern=&#8221;false&#8221; el_class=&#8221;dr-color2 tratamiento-tit-rema&#8221; css=&#8221;.vc_custom_1504080285369{margin-bottom: 0px !important;}&#8221;] Gynecomastia [\/vc_column_text][vc_column_text disable_pattern=&#8221;false&#8221; css=&#8221;.vc_custom_1541500060001{margin-bottom: 0px !important;}&#8221;] Gynecomastia is a malformation of the male&#8217;s breasts provoked by hypertrophy of the mammary gland, an excess of fat or both. It can affect one or both breasts. Surgery to [&hellip;]<\/p>\n","protected":false},"author":1,"featured_media":0,"parent":1867,"menu_order":31,"comment_status":"closed","ping_status":"closed","template":"","meta":{"_joinchat":[],"footnotes":""},"class_list":["post-2265","page","type-page","status-publish","hentry"],"yoast_head":"<!-- This site is optimized with the Yoast SEO plugin v27.3 - https:\/\/yoast.com\/product\/yoast-seo-wordpress\/ -->\n<title>Gynecomastia | Dr. Joan Pere Barret<\/title>\n<meta name=\"description\" content=\"Gynecomastia is a malformation of the male&#039;s breasts provoked by hypertrophy of the mammary gland, an excess of fat or both.\" \/>\n<meta name=\"robots\" content=\"index, follow, max-snippet:-1, max-image-preview:large, max-video-preview:-1\" \/>\n<link rel=\"canonical\" href=\"https:\/\/www.doctorbarret.com\/en\/body-surgery\/gynecomastia\/\" \/>\n<meta property=\"og:locale\" content=\"en_US\" \/>\n<meta property=\"og:type\" content=\"article\" \/>\n<meta property=\"og:title\" content=\"Ginecomastia\" \/>\n<meta property=\"og:description\" content=\"La ginecomastia es la malformaci\u00f3n de las mamas del var\u00f3n, provocada por una hipertrofia de la gl\u00e1ndula mamaria, por un exceso de grasa o por ambas a la vez.\" \/>\n<meta property=\"og:url\" content=\"https:\/\/www.doctorbarret.com\/en\/body-surgery\/gynecomastia\/\" \/>\n<meta property=\"og:site_name\" content=\"WordPress\" \/>\n<meta property=\"article:modified_time\" content=\"2025-05-20T18:12:05+00:00\" \/>\n<meta name=\"twitter:card\" content=\"summary_large_image\" \/>\n<meta name=\"twitter:label1\" content=\"Est. reading time\" \/>\n\t<meta name=\"twitter:data1\" content=\"1 minute\" \/>\n<script type=\"application\/ld+json\" class=\"yoast-schema-graph\">{\"@context\":\"https:\\\/\\\/schema.org\",\"@graph\":[{\"@type\":\"WebPage\",\"@id\":\"https:\\\/\\\/www.doctorbarret.com\\\/en\\\/body-surgery\\\/gynecomastia\\\/\",\"url\":\"https:\\\/\\\/www.doctorbarret.com\\\/en\\\/body-surgery\\\/gynecomastia\\\/\",\"name\":\"Gynecomastia | Dr. Joan Pere Barret\",\"isPartOf\":{\"@id\":\"https:\\\/\\\/www.doctorbarret.com\\\/en\\\/#website\"},\"datePublished\":\"2018-10-23T14:46:58+00:00\",\"dateModified\":\"2025-05-20T18:12:05+00:00\",\"description\":\"Gynecomastia is a malformation of the male's breasts provoked by hypertrophy of the mammary gland, an excess of fat or both.\",\"breadcrumb\":{\"@id\":\"https:\\\/\\\/www.doctorbarret.com\\\/en\\\/body-surgery\\\/gynecomastia\\\/#breadcrumb\"},\"inLanguage\":\"en-US\",\"potentialAction\":[{\"@type\":\"ReadAction\",\"target\":[\"https:\\\/\\\/www.doctorbarret.com\\\/en\\\/body-surgery\\\/gynecomastia\\\/\"]}]},{\"@type\":\"BreadcrumbList\",\"@id\":\"https:\\\/\\\/www.doctorbarret.com\\\/en\\\/body-surgery\\\/gynecomastia\\\/#breadcrumb\",\"itemListElement\":[{\"@type\":\"ListItem\",\"position\":1,\"name\":\"Home\",\"item\":\"https:\\\/\\\/www.doctorbarret.com\\\/en\\\/\"},{\"@type\":\"ListItem\",\"position\":2,\"name\":\"Body Surgery\",\"item\":\"https:\\\/\\\/www.doctorbarret.com\\\/en\\\/body-surgery\\\/\"},{\"@type\":\"ListItem\",\"position\":3,\"name\":\"Gynecomastia\"}]},{\"@type\":\"WebSite\",\"@id\":\"https:\\\/\\\/www.doctorbarret.com\\\/en\\\/#website\",\"url\":\"https:\\\/\\\/www.doctorbarret.com\\\/en\\\/\",\"name\":\"WordPress\",\"description\":\"Just another WordPress site\",\"publisher\":{\"@id\":\"https:\\\/\\\/www.doctorbarret.com\\\/en\\\/#organization\"},\"potentialAction\":[{\"@type\":\"SearchAction\",\"target\":{\"@type\":\"EntryPoint\",\"urlTemplate\":\"https:\\\/\\\/www.doctorbarret.com\\\/en\\\/?s={search_term_string}\"},\"query-input\":{\"@type\":\"PropertyValueSpecification\",\"valueRequired\":true,\"valueName\":\"search_term_string\"}}],\"inLanguage\":\"en-US\"},{\"@type\":\"Organization\",\"@id\":\"https:\\\/\\\/www.doctorbarret.com\\\/en\\\/#organization\",\"name\":\"Dr.Joan-Pere Barret\",\"url\":\"https:\\\/\\\/www.doctorbarret.com\\\/en\\\/\",\"logo\":{\"@type\":\"ImageObject\",\"inLanguage\":\"en-US\",\"@id\":\"https:\\\/\\\/www.doctorbarret.com\\\/en\\\/#\\\/schema\\\/logo\\\/image\\\/\",\"url\":\"https:\\\/\\\/www.doctorbarret.com\\\/wp-content\\\/uploads\\\/2017\\\/04\\\/Logo-Doctor-Barret-web-completo-castellano_AAFF.png\",\"contentUrl\":\"https:\\\/\\\/www.doctorbarret.com\\\/wp-content\\\/uploads\\\/2017\\\/04\\\/Logo-Doctor-Barret-web-completo-castellano_AAFF.png\",\"width\":2480,\"height\":3508,\"caption\":\"Dr.Joan-Pere Barret\"},\"image\":{\"@id\":\"https:\\\/\\\/www.doctorbarret.com\\\/en\\\/#\\\/schema\\\/logo\\\/image\\\/\"}}]}<\/script>\n<!-- \/ Yoast SEO plugin. -->","yoast_head_json":{"title":"Gynecomastia | Dr. Joan Pere Barret","description":"Gynecomastia is a malformation of the male's breasts provoked by hypertrophy of the mammary gland, an excess of fat or both.","robots":{"index":"index","follow":"follow","max-snippet":"max-snippet:-1","max-image-preview":"max-image-preview:large","max-video-preview":"max-video-preview:-1"},"canonical":"https:\/\/www.doctorbarret.com\/en\/body-surgery\/gynecomastia\/","og_locale":"en_US","og_type":"article","og_title":"Ginecomastia","og_description":"La ginecomastia es la malformaci\u00f3n de las mamas del var\u00f3n, provocada por una hipertrofia de la gl\u00e1ndula mamaria, por un exceso de grasa o por ambas a la vez.","og_url":"https:\/\/www.doctorbarret.com\/en\/body-surgery\/gynecomastia\/","og_site_name":"WordPress","article_modified_time":"2025-05-20T18:12:05+00:00","twitter_card":"summary_large_image","twitter_misc":{"Est. reading time":"1 minute"},"schema":{"@context":"https:\/\/schema.org","@graph":[{"@type":"WebPage","@id":"https:\/\/www.doctorbarret.com\/en\/body-surgery\/gynecomastia\/","url":"https:\/\/www.doctorbarret.com\/en\/body-surgery\/gynecomastia\/","name":"Gynecomastia | Dr. Joan Pere Barret","isPartOf":{"@id":"https:\/\/www.doctorbarret.com\/en\/#website"},"datePublished":"2018-10-23T14:46:58+00:00","dateModified":"2025-05-20T18:12:05+00:00","description":"Gynecomastia is a malformation of the male's breasts provoked by hypertrophy of the mammary gland, an excess of fat or both.","breadcrumb":{"@id":"https:\/\/www.doctorbarret.com\/en\/body-surgery\/gynecomastia\/#breadcrumb"},"inLanguage":"en-US","potentialAction":[{"@type":"ReadAction","target":["https:\/\/www.doctorbarret.com\/en\/body-surgery\/gynecomastia\/"]}]},{"@type":"BreadcrumbList","@id":"https:\/\/www.doctorbarret.com\/en\/body-surgery\/gynecomastia\/#breadcrumb","itemListElement":[{"@type":"ListItem","position":1,"name":"Home","item":"https:\/\/www.doctorbarret.com\/en\/"},{"@type":"ListItem","position":2,"name":"Body Surgery","item":"https:\/\/www.doctorbarret.com\/en\/body-surgery\/"},{"@type":"ListItem","position":3,"name":"Gynecomastia"}]},{"@type":"WebSite","@id":"https:\/\/www.doctorbarret.com\/en\/#website","url":"https:\/\/www.doctorbarret.com\/en\/","name":"WordPress","description":"Just another WordPress site","publisher":{"@id":"https:\/\/www.doctorbarret.com\/en\/#organization"},"potentialAction":[{"@type":"SearchAction","target":{"@type":"EntryPoint","urlTemplate":"https:\/\/www.doctorbarret.com\/en\/?s={search_term_string}"},"query-input":{"@type":"PropertyValueSpecification","valueRequired":true,"valueName":"search_term_string"}}],"inLanguage":"en-US"},{"@type":"Organization","@id":"https:\/\/www.doctorbarret.com\/en\/#organization","name":"Dr.Joan-Pere Barret","url":"https:\/\/www.doctorbarret.com\/en\/","logo":{"@type":"ImageObject","inLanguage":"en-US","@id":"https:\/\/www.doctorbarret.com\/en\/#\/schema\/logo\/image\/","url":"https:\/\/www.doctorbarret.com\/wp-content\/uploads\/2017\/04\/Logo-Doctor-Barret-web-completo-castellano_AAFF.png","contentUrl":"https:\/\/www.doctorbarret.com\/wp-content\/uploads\/2017\/04\/Logo-Doctor-Barret-web-completo-castellano_AAFF.png","width":2480,"height":3508,"caption":"Dr.Joan-Pere Barret"},"image":{"@id":"https:\/\/www.doctorbarret.com\/en\/#\/schema\/logo\/image\/"}}]}},"_links":{"self":[{"href":"https:\/\/www.doctorbarret.com\/en\/wp-json\/wp\/v2\/pages\/2265","targetHints":{"allow":["GET"]}}],"collection":[{"href":"https:\/\/www.doctorbarret.com\/en\/wp-json\/wp\/v2\/pages"}],"about":[{"href":"https:\/\/www.doctorbarret.com\/en\/wp-json\/wp\/v2\/types\/page"}],"author":[{"embeddable":true,"href":"https:\/\/www.doctorbarret.com\/en\/wp-json\/wp\/v2\/users\/1"}],"replies":[{"embeddable":true,"href":"https:\/\/www.doctorbarret.com\/en\/wp-json\/wp\/v2\/comments?post=2265"}],"version-history":[{"count":3,"href":"https:\/\/www.doctorbarret.com\/en\/wp-json\/wp\/v2\/pages\/2265\/revisions"}],"predecessor-version":[{"id":12057,"href":"https:\/\/www.doctorbarret.com\/en\/wp-json\/wp\/v2\/pages\/2265\/revisions\/12057"}],"up":[{"embeddable":true,"href":"https:\/\/www.doctorbarret.com\/en\/wp-json\/wp\/v2\/pages\/1867"}],"wp:attachment":[{"href":"https:\/\/www.doctorbarret.com\/en\/wp-json\/wp\/v2\/media?parent=2265"}],"curies":[{"name":"wp","href":"https:\/\/api.w.org\/{rel}","templated":true}]}}